{"id":10515,"date":"2024-11-18T08:43:04","date_gmt":"2024-11-18T08:43:04","guid":{"rendered":"https:\/\/www.chuangyangmachinery.com\/?post_type=product&#038;p=10515"},"modified":"2026-03-24T14:40:54","modified_gmt":"2026-03-24T06:40:54","slug":"used-korea-hyundai-220-medium-excavator","status":"publish","type":"product","link":"https:\/\/www.chuangyangmachinery.com\/es\/product\/used-korea-hyundai-220-medium-excavator\/","title":{"rendered":"Used HYUNDAI 220 Medium Hydraulic Crawler Excavator"},"content":{"rendered":"<p>* Tenemos un fuerte equipo mec\u00e1nico para asegurar que todas las m\u00e1quinas bien mantenidas, de alta calidad, precio de descuento.<br \/>\n* Todas las piezas est\u00e1n bien mantenidas, son de la mejor calidad y pueden inspeccionarse.<br \/>\n* Pocas horas de trabajo, barato y de alta calidad.<br \/>\n* Piezas de repuesto disponibles, la mejor m\u00e1quina de trabajo para usted.<br \/>\n* Proporcionamos casi todo tipo de m\u00e1quinas de construcci\u00f3n usadas en buen estado con bajo precio.<\/p>","protected":false},"excerpt":{"rendered":"<p>La Hyundai 220LC-9S es una excavadora de cadenas de alto rendimiento ideal para tareas pesadas de construcci\u00f3n y movimiento de tierras. Presenta una excelente eficiencia operativa y un bajo consumo de combustible, ofreciendo un rendimiento estable incluso en condiciones de trabajo dif\u00edciles. Con una gran capacidad de excavaci\u00f3n y arranque, maneja operaciones complejas con facilidad, garantizando una alta productividad. La cabina ergon\u00f3mica proporciona un entorno de trabajo c\u00f3modo y seguro, reduciendo la fatiga del conductor durante largos turnos de trabajo. Su robusta estructura garantiza una durabilidad excepcional, mientras que el preciso control hidr\u00e1ulico y el dise\u00f1o de f\u00e1cil mantenimiento mejoran la comodidad operativa, convirti\u00e9ndola en una opci\u00f3n fiable y rentable para diversos escenarios de construcci\u00f3n.<\/p>","protected":false},"featured_media":12782,"template":"","meta":{"_acf_changed":false,"site-sidebar-layout":"default","site-content-layout":"","ast-site-content-layout":"default","site-content-style":"default","site-sidebar-style":"default","ast-global-header-display":"","ast-banner-title-visibility":"","ast-main-header-display":"","ast-hfb-above-header-display":"","ast-hfb-below-header-display":"","ast-hfb-mobile-header-display":"","site-post-title":"","ast-breadcrumbs-content":"","ast-featured-img":"","footer-sml-layout":"","theme-transparent-header-meta":"default","adv-header-id-meta":"","stick-header-meta":"","header-above-stick-meta":"","header-main-stick-meta":"","header-below-stick-meta":"","astra-migrate-meta-layouts":"set","ast-page-background-enabled":"default","ast-page-background-meta":{"desktop":{"background-color":"var(--ast-global-color-4)","background-image":"","background-repeat":"repeat","background-position":"center center","background-size":"auto","background-attachment":"scroll","background-type":"","background-media":"","overlay-type":"","overlay-color":"","overlay-opacity":"","overlay-gradient":""},"tablet":{"background-color":"","background-image":"","background-repeat":"repeat","background-position":"center center","background-size":"auto","background-attachment":"scroll","background-type":"","background-media":"","overlay-type":"","overlay-color":"","overlay-opacity":"","overlay-gradient":""},"mobile":{"background-color":"","background-image":"","background-repeat":"repeat","background-position":"center center","background-size":"auto","background-attachment":"scroll","background-type":"","background-media":"","overlay-type":"","overlay-color":"","overlay-opacity":"","overlay-gradient":""}},"ast-content-background-meta":{"desktop":{"background-color":"var(--ast-global-color-5)","background-image":"","background-repeat":"repeat","background-position":"center center","background-size":"auto","background-attachment":"scroll","background-type":"","background-media":"","overlay-type":"","overlay-color":"","overlay-opacity":"","overlay-gradient":""},"tablet":{"background-color":"var(--ast-global-color-5)","background-image":"","background-repeat":"repeat","background-position":"center center","background-size":"auto","background-attachment":"scroll","background-type":"","background-media":"","overlay-type":"","overlay-color":"","overlay-opacity":"","overlay-gradient":""},"mobile":{"background-color":"var(--ast-global-color-5)","background-image":"","background-repeat":"repeat","background-position":"center center","background-size":"auto","background-attachment":"scroll","background-type":"","background-media":"","overlay-type":"","overlay-color":"","overlay-opacity":"","overlay-gradient":""}}},"product_cat":[81,68],"product_tag":[88,108,78],"class_list":{"0":"post-10515","1":"product","2":"type-product","3":"status-publish","4":"has-post-thumbnail","6":"product_cat-excavator","7":"product_cat-hyundai","8":"product_tag-crawler-excavator","9":"product_tag-hyundai-excavator","10":"product_tag-used-excavator","11":"desktop-align-left","12":"tablet-align-left","13":"mobile-align-left","15":"first","16":"instock","17":"shipping-taxable","18":"product-type-simple"},"acf":[],"yoast_head":"<!-- This site is optimized with the Yoast SEO plugin v23.7 - https:\/\/yoast.com\/wordpress\/plugins\/seo\/ -->\n<title>Used HYUNDAI 220 Medium Hydraulic Crawler Excavator - Anhui Chuangyang Construction Machinery Co., Ltd.<\/title>\n<meta name=\"description\" content=\"The Hyundai 220LC-9S is a high-performance crawler excavator ideal for heavy-duty construction and earthmoving tasks.\" \/>\n<meta name=\"robots\" content=\"noindex, follow, max-snippet:-1, max-image-preview:large, max-video-preview:-1\" \/>\n<meta property=\"og:locale\" content=\"es_ES\" \/>\n<meta property=\"og:type\" content=\"article\" \/>\n<meta property=\"og:title\" content=\"Used HYUNDAI 220 Medium Hydraulic Crawler Excavator - Anhui Chuangyang Construction Machinery Co., Ltd.\" \/>\n<meta property=\"og:description\" content=\"The Hyundai 220LC-9S is a high-performance crawler excavator ideal for heavy-duty construction and earthmoving tasks.\" \/>\n<meta property=\"og:url\" content=\"https:\/\/www.chuangyangmachinery.com\/es\/product\/used-korea-hyundai-220-medium-excavator\/\" \/>\n<meta property=\"og:site_name\" content=\"Anhui Chuangyang Construction Machinery Co., Ltd.\" \/>\n<meta property=\"article:modified_time\" content=\"2026-03-24T06:40:54+00:00\" \/>\n<meta property=\"og:image\" content=\"https:\/\/www.chuangyangmachinery.com\/wp-content\/uploads\/2024\/11\/7726e96f4c4523e63cc18f472e1c935e_WH_800x800px.webp\" \/>\n\t<meta property=\"og:image:width\" content=\"800\" \/>\n\t<meta property=\"og:image:height\" content=\"800\" \/>\n\t<meta property=\"og:image:type\" content=\"image\/webp\" \/>\n<meta name=\"twitter:card\" content=\"summary_large_image\" \/>\n<meta name=\"twitter:label1\" content=\"Est. reading time\" \/>\n\t<meta name=\"twitter:data1\" content=\"1 minuto\" \/>\n<script type=\"application\/ld+json\" class=\"yoast-schema-graph\">{\"@context\":\"https:\/\/schema.org\",\"@graph\":[{\"@type\":\"WebPage\",\"@id\":\"https:\/\/www.chuangyangmachinery.com\/product\/used-korea-hyundai-220-medium-excavator\/\",\"url\":\"https:\/\/www.chuangyangmachinery.com\/product\/used-korea-hyundai-220-medium-excavator\/\",\"name\":\"Used HYUNDAI 220 Medium Hydraulic Crawler Excavator - Anhui Chuangyang Construction Machinery Co., Ltd.\",\"isPartOf\":{\"@id\":\"https:\/\/www.chuangyangmachinery.com\/#website\"},\"primaryImageOfPage\":{\"@id\":\"https:\/\/www.chuangyangmachinery.com\/product\/used-korea-hyundai-220-medium-excavator\/#primaryimage\"},\"image\":{\"@id\":\"https:\/\/www.chuangyangmachinery.com\/product\/used-korea-hyundai-220-medium-excavator\/#primaryimage\"},\"thumbnailUrl\":\"https:\/\/www.chuangyangmachinery.com\/wp-content\/uploads\/2024\/11\/7726e96f4c4523e63cc18f472e1c935e_WH_800x800px.webp\",\"datePublished\":\"2024-11-18T08:43:04+00:00\",\"dateModified\":\"2026-03-24T06:40:54+00:00\",\"description\":\"The Hyundai 220LC-9S is a high-performance crawler excavator ideal for heavy-duty construction and earthmoving tasks.\",\"breadcrumb\":{\"@id\":\"https:\/\/www.chuangyangmachinery.com\/product\/used-korea-hyundai-220-medium-excavator\/#breadcrumb\"},\"inLanguage\":\"es\",\"potentialAction\":[{\"@type\":\"ReadAction\",\"target\":[\"https:\/\/www.chuangyangmachinery.com\/product\/used-korea-hyundai-220-medium-excavator\/\"]}]},{\"@type\":\"ImageObject\",\"inLanguage\":\"es\",\"@id\":\"https:\/\/www.chuangyangmachinery.com\/product\/used-korea-hyundai-220-medium-excavator\/#primaryimage\",\"url\":\"https:\/\/www.chuangyangmachinery.com\/wp-content\/uploads\/2024\/11\/7726e96f4c4523e63cc18f472e1c935e_WH_800x800px.webp\",\"contentUrl\":\"https:\/\/www.chuangyangmachinery.com\/wp-content\/uploads\/2024\/11\/7726e96f4c4523e63cc18f472e1c935e_WH_800x800px.webp\",\"width\":800,\"height\":800},{\"@type\":\"BreadcrumbList\",\"@id\":\"https:\/\/www.chuangyangmachinery.com\/product\/used-korea-hyundai-220-medium-excavator\/#breadcrumb\",\"itemListElement\":[{\"@type\":\"ListItem\",\"position\":1,\"name\":\"Home\",\"item\":\"https:\/\/www.chuangyangmachinery.com\/\"},{\"@type\":\"ListItem\",\"position\":2,\"name\":\"Products\",\"item\":\"https:\/\/www.chuangyangmachinery.com\/products\/\"},{\"@type\":\"ListItem\",\"position\":3,\"name\":\"Used HYUNDAI 220 Medium Hydraulic Crawler Excavator\"}]},{\"@type\":\"WebSite\",\"@id\":\"https:\/\/www.chuangyangmachinery.com\/#website\",\"url\":\"https:\/\/www.chuangyangmachinery.com\/\",\"name\":\"Anhui Chuangyang Construction Machinery Co., Ltd.\",\"description\":\"\",\"publisher\":{\"@id\":\"https:\/\/www.chuangyangmachinery.com\/#organization\"},\"potentialAction\":[{\"@type\":\"SearchAction\",\"target\":{\"@type\":\"EntryPoint\",\"urlTemplate\":\"https:\/\/www.chuangyangmachinery.com\/?s={search_term_string}\"},\"query-input\":{\"@type\":\"PropertyValueSpecification\",\"valueRequired\":true,\"valueName\":\"search_term_string\"}}],\"inLanguage\":\"es\"},{\"@type\":\"Organization\",\"@id\":\"https:\/\/www.chuangyangmachinery.com\/#organization\",\"name\":\"Anhui Chuangyang Construction Machinery Co., Ltd.\",\"url\":\"https:\/\/www.chuangyangmachinery.com\/\",\"logo\":{\"@type\":\"ImageObject\",\"inLanguage\":\"es\",\"@id\":\"https:\/\/www.chuangyangmachinery.com\/#\/schema\/logo\/image\/\",\"url\":\"https:\/\/www.chuangyangmachinery.com\/wp-content\/uploads\/2026\/03\/cropped-chuangyang-logo.png\",\"contentUrl\":\"https:\/\/www.chuangyangmachinery.com\/wp-content\/uploads\/2026\/03\/cropped-chuangyang-logo.png\",\"width\":512,\"height\":512,\"caption\":\"Anhui Chuangyang Construction Machinery Co., Ltd.\"},\"image\":{\"@id\":\"https:\/\/www.chuangyangmachinery.com\/#\/schema\/logo\/image\/\"}}]}<\/script>\n<!-- \/ Yoast SEO plugin. -->","yoast_head_json":{"title":"Used HYUNDAI 220 Medium Hydraulic Crawler Excavator - Anhui Chuangyang Construction Machinery Co., Ltd.","description":"La Hyundai 220LC-9S es una excavadora de cadenas de alto rendimiento ideal para tareas pesadas de construcci\u00f3n y movimiento de tierras.","robots":{"index":"noindex","follow":"follow","max-snippet":"max-snippet:-1","max-image-preview":"max-image-preview:large","max-video-preview":"max-video-preview:-1"},"og_locale":"es_ES","og_type":"article","og_title":"Used HYUNDAI 220 Medium Hydraulic Crawler Excavator - Anhui Chuangyang Construction Machinery Co., Ltd.","og_description":"The Hyundai 220LC-9S is a high-performance crawler excavator ideal for heavy-duty construction and earthmoving tasks.","og_url":"https:\/\/www.chuangyangmachinery.com\/es\/product\/used-korea-hyundai-220-medium-excavator\/","og_site_name":"Anhui Chuangyang Construction Machinery Co., Ltd.","article_modified_time":"2026-03-24T06:40:54+00:00","og_image":[{"width":800,"height":800,"url":"https:\/\/www.chuangyangmachinery.com\/wp-content\/uploads\/2024\/11\/7726e96f4c4523e63cc18f472e1c935e_WH_800x800px.webp","type":"image\/webp"}],"twitter_card":"summary_large_image","twitter_misc":{"Est. reading time":"1 minuto"},"schema":{"@context":"https:\/\/schema.org","@graph":[{"@type":"WebPage","@id":"https:\/\/www.chuangyangmachinery.com\/product\/used-korea-hyundai-220-medium-excavator\/","url":"https:\/\/www.chuangyangmachinery.com\/product\/used-korea-hyundai-220-medium-excavator\/","name":"Used HYUNDAI 220 Medium Hydraulic Crawler Excavator - Anhui Chuangyang Construction Machinery Co., Ltd.","isPartOf":{"@id":"https:\/\/www.chuangyangmachinery.com\/#website"},"primaryImageOfPage":{"@id":"https:\/\/www.chuangyangmachinery.com\/product\/used-korea-hyundai-220-medium-excavator\/#primaryimage"},"image":{"@id":"https:\/\/www.chuangyangmachinery.com\/product\/used-korea-hyundai-220-medium-excavator\/#primaryimage"},"thumbnailUrl":"https:\/\/www.chuangyangmachinery.com\/wp-content\/uploads\/2024\/11\/7726e96f4c4523e63cc18f472e1c935e_WH_800x800px.webp","datePublished":"2024-11-18T08:43:04+00:00","dateModified":"2026-03-24T06:40:54+00:00","description":"La Hyundai 220LC-9S es una excavadora de cadenas de alto rendimiento ideal para tareas pesadas de construcci\u00f3n y movimiento de tierras.","breadcrumb":{"@id":"https:\/\/www.chuangyangmachinery.com\/product\/used-korea-hyundai-220-medium-excavator\/#breadcrumb"},"inLanguage":"es","potentialAction":[{"@type":"ReadAction","target":["https:\/\/www.chuangyangmachinery.com\/product\/used-korea-hyundai-220-medium-excavator\/"]}]},{"@type":"ImageObject","inLanguage":"es","@id":"https:\/\/www.chuangyangmachinery.com\/product\/used-korea-hyundai-220-medium-excavator\/#primaryimage","url":"https:\/\/www.chuangyangmachinery.com\/wp-content\/uploads\/2024\/11\/7726e96f4c4523e63cc18f472e1c935e_WH_800x800px.webp","contentUrl":"https:\/\/www.chuangyangmachinery.com\/wp-content\/uploads\/2024\/11\/7726e96f4c4523e63cc18f472e1c935e_WH_800x800px.webp","width":800,"height":800},{"@type":"BreadcrumbList","@id":"https:\/\/www.chuangyangmachinery.com\/product\/used-korea-hyundai-220-medium-excavator\/#breadcrumb","itemListElement":[{"@type":"ListItem","position":1,"name":"Home","item":"https:\/\/www.chuangyangmachinery.com\/"},{"@type":"ListItem","position":2,"name":"Products","item":"https:\/\/www.chuangyangmachinery.com\/products\/"},{"@type":"ListItem","position":3,"name":"Used HYUNDAI 220 Medium Hydraulic Crawler Excavator"}]},{"@type":"WebSite","@id":"https:\/\/www.chuangyangmachinery.com\/#website","url":"https:\/\/www.chuangyangmachinery.com\/","name":"Anhui Chuangyang Construction Machinery Co.","description":"","publisher":{"@id":"https:\/\/www.chuangyangmachinery.com\/#organization"},"potentialAction":[{"@type":"SearchAction","target":{"@type":"EntryPoint","urlTemplate":"https:\/\/www.chuangyangmachinery.com\/?s={search_term_string}"},"query-input":{"@type":"PropertyValueSpecification","valueRequired":true,"valueName":"search_term_string"}}],"inLanguage":"es"},{"@type":"Organization","@id":"https:\/\/www.chuangyangmachinery.com\/#organization","name":"Anhui Chuangyang Construction Machinery Co.","url":"https:\/\/www.chuangyangmachinery.com\/","logo":{"@type":"ImageObject","inLanguage":"es","@id":"https:\/\/www.chuangyangmachinery.com\/#\/schema\/logo\/image\/","url":"https:\/\/www.chuangyangmachinery.com\/wp-content\/uploads\/2026\/03\/cropped-chuangyang-logo.png","contentUrl":"https:\/\/www.chuangyangmachinery.com\/wp-content\/uploads\/2026\/03\/cropped-chuangyang-logo.png","width":512,"height":512,"caption":"Anhui Chuangyang Construction Machinery Co., Ltd."},"image":{"@id":"https:\/\/www.chuangyangmachinery.com\/#\/schema\/logo\/image\/"}}]}},"_links":{"self":[{"href":"https:\/\/www.chuangyangmachinery.com\/es\/wp-json\/wp\/v2\/product\/10515"}],"collection":[{"href":"https:\/\/www.chuangyangmachinery.com\/es\/wp-json\/wp\/v2\/product"}],"about":[{"href":"https:\/\/www.chuangyangmachinery.com\/es\/wp-json\/wp\/v2\/types\/product"}],"version-history":[{"count":3,"href":"https:\/\/www.chuangyangmachinery.com\/es\/wp-json\/wp\/v2\/product\/10515\/revisions"}],"predecessor-version":[{"id":12784,"href":"https:\/\/www.chuangyangmachinery.com\/es\/wp-json\/wp\/v2\/product\/10515\/revisions\/12784"}],"wp:featuredmedia":[{"embeddable":true,"href":"https:\/\/www.chuangyangmachinery.com\/es\/wp-json\/wp\/v2\/media\/12782"}],"wp:attachment":[{"href":"https:\/\/www.chuangyangmachinery.com\/es\/wp-json\/wp\/v2\/media?parent=10515"}],"wp:term":[{"taxonomy":"product_cat","embeddable":true,"href":"https:\/\/www.chuangyangmachinery.com\/es\/wp-json\/wp\/v2\/product_cat?post=10515"},{"taxonomy":"product_tag","embeddable":true,"href":"https:\/\/www.chuangyangmachinery.com\/es\/wp-json\/wp\/v2\/product_tag?post=10515"}],"curies":[{"name":"wp","href":"https:\/\/api.w.org\/{rel}","templated":true}]}}