{"id":11491,"date":"2026-03-13T11:26:55","date_gmt":"2026-03-13T03:26:55","guid":{"rendered":"https:\/\/www.chuangyangmachinery.com\/"},"modified":"2026-03-13T11:26:55","modified_gmt":"2026-03-13T03:26:55","slug":"camion-grua-usado-sany-80-ton","status":"publish","type":"product","link":"https:\/\/www.chuangyangmachinery.com\/es\/product\/camion-grua-usado-sany-80-ton\/","title":{"rendered":"Cami\u00f3n gr\u00faa usado SANY de 80 toneladas"},"content":{"rendered":"<p>* Tenemos un fuerte equipo mec\u00e1nico para asegurar que todas las m\u00e1quinas bien mantenidas, de alta calidad, precio de descuento.<br \/>\n* Todas las piezas est\u00e1n bien mantenidas, de la mejor calidad. pueden ser inspeccionadas.<br \/>\n* Pocas horas de trabajo, barato y de alta calidad.<br \/>\n* Piezas de repuesto disponibles, la mejor m\u00e1quina de trabajo para usted.<br \/>\n* Proporcionamos casi todo tipo de m\u00e1quinas de construcci\u00f3n usadas en buen estado con bajo precio.<\/p>","protected":false},"excerpt":{"rendered":"<div data-page-id=\"I97Nfnpj9dLKlEcvh1kcA8jMn7j\" data-lark-html-role=\"root\" data-docx-has-block-data=\"false\">\n<div class=\"ace-line ace-line old-record-id-TXhYfEre5dM5VscjMaDc8D6Cnzc\">La gr\u00faa Sany 80 es un equipo de elevaci\u00f3n fiable y de alto rendimiento, adecuado para diversos escenarios de construcci\u00f3n, como proyectos de infraestructuras, energ\u00eda el\u00e9ctrica y puentes. Presenta una excelente estabilidad y flexibilidad operativas, lo que garantiza operaciones de elevaci\u00f3n suaves y precisas incluso en entornos complejos. Su cabina ergon\u00f3mica est\u00e1 dise\u00f1ada para ofrecer comodidad, reduciendo eficazmente la fatiga del operador durante largas jornadas de trabajo. Equipada con completos sistemas de protecci\u00f3n de la seguridad, ofrece garant\u00edas fiables para los operadores y la seguridad en la obra. Tambi\u00e9n tiene una gran durabilidad y un f\u00e1cil mantenimiento diario, lo que minimiza el tiempo de inactividad. Con un rendimiento de trabajo eficiente, mejora la eficacia de la construcci\u00f3n y reduce los costes operativos generales, lo que la convierte en una opci\u00f3n rentable y fiable para diversas necesidades de elevaci\u00f3n.<\/div>\n<\/div>","protected":false},"featured_media":11493,"template":"","meta":{"_acf_changed":false,"site-sidebar-layout":"default","site-content-layout":"","ast-site-content-layout":"default","site-content-style":"default","site-sidebar-style":"default","ast-global-header-display":"","ast-banner-title-visibility":"","ast-main-header-display":"","ast-hfb-above-header-display":"","ast-hfb-below-header-display":"","ast-hfb-mobile-header-display":"","site-post-title":"","ast-breadcrumbs-content":"","ast-featured-img":"","footer-sml-layout":"","theme-transparent-header-meta":"default","adv-header-id-meta":"","stick-header-meta":"","header-above-stick-meta":"","header-main-stick-meta":"","header-below-stick-meta":"","astra-migrate-meta-layouts":"set","ast-page-background-enabled":"default","ast-page-background-meta":{"desktop":{"background-color":"var(--ast-global-color-4)","background-image":"","background-repeat":"repeat","background-position":"center center","background-size":"auto","background-attachment":"scroll","background-type":"","background-media":"","overlay-type":"","overlay-color":"","overlay-opacity":"","overlay-gradient":""},"tablet":{"background-color":"","background-image":"","background-repeat":"repeat","background-position":"center center","background-size":"auto","background-attachment":"scroll","background-type":"","background-media":"","overlay-type":"","overlay-color":"","overlay-opacity":"","overlay-gradient":""},"mobile":{"background-color":"","background-image":"","background-repeat":"repeat","background-position":"center center","background-size":"auto","background-attachment":"scroll","background-type":"","background-media":"","overlay-type":"","overlay-color":"","overlay-opacity":"","overlay-gradient":""}},"ast-content-background-meta":{"desktop":{"background-color":"var(--ast-global-color-5)","background-image":"","background-repeat":"repeat","background-position":"center center","background-size":"auto","background-attachment":"scroll","background-type":"","background-media":"","overlay-type":"","overlay-color":"","overlay-opacity":"","overlay-gradient":""},"tablet":{"background-color":"var(--ast-global-color-5)","background-image":"","background-repeat":"repeat","background-position":"center center","background-size":"auto","background-attachment":"scroll","background-type":"","background-media":"","overlay-type":"","overlay-color":"","overlay-opacity":"","overlay-gradient":""},"mobile":{"background-color":"var(--ast-global-color-5)","background-image":"","background-repeat":"repeat","background-position":"center center","background-size":"auto","background-attachment":"scroll","background-type":"","background-media":"","overlay-type":"","overlay-color":"","overlay-opacity":"","overlay-gradient":""}}},"product_cat":[85],"product_tag":[102,103,100],"class_list":{"0":"post-11491","1":"product","2":"type-product","3":"status-publish","4":"has-post-thumbnail","6":"product_cat-crane","7":"product_tag-sany-crane","8":"product_tag-truck-crane","9":"product_tag-used-crane","10":"desktop-align-left","11":"tablet-align-left","12":"mobile-align-left","14":"first","15":"instock","16":"shipping-taxable","17":"product-type-simple"},"acf":[],"yoast_head":"<!-- This site is optimized with the Yoast SEO plugin v23.7 - https:\/\/yoast.com\/wordpress\/plugins\/seo\/ -->\n<title>Used SANY 80-ton truck crane - Anhui Chuangyang Construction Machinery Co., Ltd.<\/title>\n<meta name=\"description\" content=\"The Sany 80 crane is a reliable and high-performance lifting equipment, suitable for various construction scenarios such as infrastructure, electric power and bridge projects.\" \/>\n<meta name=\"robots\" content=\"noindex, follow, max-snippet:-1, max-image-preview:large, max-video-preview:-1\" \/>\n<meta property=\"og:locale\" content=\"es_ES\" \/>\n<meta property=\"og:type\" content=\"article\" \/>\n<meta property=\"og:title\" content=\"Used SANY 80-ton truck crane - Anhui Chuangyang Construction Machinery Co., Ltd.\" \/>\n<meta property=\"og:description\" content=\"The Sany 80 crane is a reliable and high-performance lifting equipment, suitable for various construction scenarios such as infrastructure, electric power and bridge projects.\" \/>\n<meta property=\"og:url\" content=\"https:\/\/www.chuangyangmachinery.com\/es\/product\/camion-grua-usado-sany-80-ton\/\" \/>\n<meta property=\"og:site_name\" content=\"Anhui Chuangyang Construction Machinery Co., Ltd.\" \/>\n<meta property=\"og:image\" content=\"https:\/\/www.chuangyangmachinery.com\/wp-content\/uploads\/2026\/03\/0261705fd1a608d0a64de7ff49a884b_WH_800x800px.webp\" \/>\n\t<meta property=\"og:image:width\" content=\"800\" \/>\n\t<meta property=\"og:image:height\" content=\"800\" \/>\n\t<meta property=\"og:image:type\" content=\"image\/webp\" \/>\n<meta name=\"twitter:card\" content=\"summary_large_image\" \/>\n<meta name=\"twitter:label1\" content=\"Est. reading time\" \/>\n\t<meta name=\"twitter:data1\" content=\"1 minuto\" \/>\n<script type=\"application\/ld+json\" class=\"yoast-schema-graph\">{\"@context\":\"https:\/\/schema.org\",\"@graph\":[{\"@type\":\"WebPage\",\"@id\":\"https:\/\/www.chuangyangmachinery.com\/product\/used-sany-80-ton-truck-crane\/\",\"url\":\"https:\/\/www.chuangyangmachinery.com\/product\/used-sany-80-ton-truck-crane\/\",\"name\":\"Used SANY 80-ton truck crane - Anhui Chuangyang Construction Machinery Co., Ltd.\",\"isPartOf\":{\"@id\":\"https:\/\/www.chuangyangmachinery.com\/#website\"},\"primaryImageOfPage\":{\"@id\":\"https:\/\/www.chuangyangmachinery.com\/product\/used-sany-80-ton-truck-crane\/#primaryimage\"},\"image\":{\"@id\":\"https:\/\/www.chuangyangmachinery.com\/product\/used-sany-80-ton-truck-crane\/#primaryimage\"},\"thumbnailUrl\":\"https:\/\/www.chuangyangmachinery.com\/wp-content\/uploads\/2026\/03\/0261705fd1a608d0a64de7ff49a884b_WH_800x800px.webp\",\"datePublished\":\"2026-03-13T03:26:55+00:00\",\"dateModified\":\"2026-03-13T03:26:55+00:00\",\"description\":\"The Sany 80 crane is a reliable and high-performance lifting equipment, suitable for various construction scenarios such as infrastructure, electric power and bridge projects.\",\"breadcrumb\":{\"@id\":\"https:\/\/www.chuangyangmachinery.com\/product\/used-sany-80-ton-truck-crane\/#breadcrumb\"},\"inLanguage\":\"es\",\"potentialAction\":[{\"@type\":\"ReadAction\",\"target\":[\"https:\/\/www.chuangyangmachinery.com\/product\/used-sany-80-ton-truck-crane\/\"]}]},{\"@type\":\"ImageObject\",\"inLanguage\":\"es\",\"@id\":\"https:\/\/www.chuangyangmachinery.com\/product\/used-sany-80-ton-truck-crane\/#primaryimage\",\"url\":\"https:\/\/www.chuangyangmachinery.com\/wp-content\/uploads\/2026\/03\/0261705fd1a608d0a64de7ff49a884b_WH_800x800px.webp\",\"contentUrl\":\"https:\/\/www.chuangyangmachinery.com\/wp-content\/uploads\/2026\/03\/0261705fd1a608d0a64de7ff49a884b_WH_800x800px.webp\",\"width\":800,\"height\":800},{\"@type\":\"BreadcrumbList\",\"@id\":\"https:\/\/www.chuangyangmachinery.com\/product\/used-sany-80-ton-truck-crane\/#breadcrumb\",\"itemListElement\":[{\"@type\":\"ListItem\",\"position\":1,\"name\":\"Home\",\"item\":\"https:\/\/www.chuangyangmachinery.com\/\"},{\"@type\":\"ListItem\",\"position\":2,\"name\":\"Products\",\"item\":\"https:\/\/www.chuangyangmachinery.com\/products\/\"},{\"@type\":\"ListItem\",\"position\":3,\"name\":\"Used SANY 80-ton truck crane\"}]},{\"@type\":\"WebSite\",\"@id\":\"https:\/\/www.chuangyangmachinery.com\/#website\",\"url\":\"https:\/\/www.chuangyangmachinery.com\/\",\"name\":\"Anhui Chuangyang Construction Machinery Co., Ltd.\",\"description\":\"\",\"publisher\":{\"@id\":\"https:\/\/www.chuangyangmachinery.com\/#organization\"},\"potentialAction\":[{\"@type\":\"SearchAction\",\"target\":{\"@type\":\"EntryPoint\",\"urlTemplate\":\"https:\/\/www.chuangyangmachinery.com\/?s={search_term_string}\"},\"query-input\":{\"@type\":\"PropertyValueSpecification\",\"valueRequired\":true,\"valueName\":\"search_term_string\"}}],\"inLanguage\":\"es\"},{\"@type\":\"Organization\",\"@id\":\"https:\/\/www.chuangyangmachinery.com\/#organization\",\"name\":\"Anhui Chuangyang Construction Machinery Co., Ltd.\",\"url\":\"https:\/\/www.chuangyangmachinery.com\/\",\"logo\":{\"@type\":\"ImageObject\",\"inLanguage\":\"es\",\"@id\":\"https:\/\/www.chuangyangmachinery.com\/#\/schema\/logo\/image\/\",\"url\":\"https:\/\/www.chuangyangmachinery.com\/wp-content\/uploads\/2026\/03\/cropped-chuangyang-logo.png\",\"contentUrl\":\"https:\/\/www.chuangyangmachinery.com\/wp-content\/uploads\/2026\/03\/cropped-chuangyang-logo.png\",\"width\":512,\"height\":512,\"caption\":\"Anhui Chuangyang Construction Machinery Co., Ltd.\"},\"image\":{\"@id\":\"https:\/\/www.chuangyangmachinery.com\/#\/schema\/logo\/image\/\"}}]}<\/script>\n<!-- \/ Yoast SEO plugin. -->","yoast_head_json":{"title":"Cami\u00f3n gr\u00faa usado SANY de 80 toneladas - Anhui Chuangyang Construction Machinery Co.","description":"La gr\u00faa Sany 80 es un equipo de elevaci\u00f3n fiable y de alto rendimiento, adecuado para diversos escenarios de construcci\u00f3n, como proyectos de infraestructuras, energ\u00eda el\u00e9ctrica y puentes.","robots":{"index":"noindex","follow":"follow","max-snippet":"max-snippet:-1","max-image-preview":"max-image-preview:large","max-video-preview":"max-video-preview:-1"},"og_locale":"es_ES","og_type":"article","og_title":"Used SANY 80-ton truck crane - Anhui Chuangyang Construction Machinery Co., Ltd.","og_description":"The Sany 80 crane is a reliable and high-performance lifting equipment, suitable for various construction scenarios such as infrastructure, electric power and bridge projects.","og_url":"https:\/\/www.chuangyangmachinery.com\/es\/product\/camion-grua-usado-sany-80-ton\/","og_site_name":"Anhui Chuangyang Construction Machinery Co., Ltd.","og_image":[{"width":800,"height":800,"url":"https:\/\/www.chuangyangmachinery.com\/wp-content\/uploads\/2026\/03\/0261705fd1a608d0a64de7ff49a884b_WH_800x800px.webp","type":"image\/webp"}],"twitter_card":"summary_large_image","twitter_misc":{"Est. reading time":"1 minuto"},"schema":{"@context":"https:\/\/schema.org","@graph":[{"@type":"WebPage","@id":"https:\/\/www.chuangyangmachinery.com\/product\/used-sany-80-ton-truck-crane\/","url":"https:\/\/www.chuangyangmachinery.com\/product\/used-sany-80-ton-truck-crane\/","name":"Cami\u00f3n gr\u00faa usado SANY de 80 toneladas - Anhui Chuangyang Construction Machinery Co.","isPartOf":{"@id":"https:\/\/www.chuangyangmachinery.com\/#website"},"primaryImageOfPage":{"@id":"https:\/\/www.chuangyangmachinery.com\/product\/used-sany-80-ton-truck-crane\/#primaryimage"},"image":{"@id":"https:\/\/www.chuangyangmachinery.com\/product\/used-sany-80-ton-truck-crane\/#primaryimage"},"thumbnailUrl":"https:\/\/www.chuangyangmachinery.com\/wp-content\/uploads\/2026\/03\/0261705fd1a608d0a64de7ff49a884b_WH_800x800px.webp","datePublished":"2026-03-13T03:26:55+00:00","dateModified":"2026-03-13T03:26:55+00:00","description":"La gr\u00faa Sany 80 es un equipo de elevaci\u00f3n fiable y de alto rendimiento, adecuado para diversos escenarios de construcci\u00f3n, como proyectos de infraestructuras, energ\u00eda el\u00e9ctrica y puentes.","breadcrumb":{"@id":"https:\/\/www.chuangyangmachinery.com\/product\/used-sany-80-ton-truck-crane\/#breadcrumb"},"inLanguage":"es","potentialAction":[{"@type":"ReadAction","target":["https:\/\/www.chuangyangmachinery.com\/product\/used-sany-80-ton-truck-crane\/"]}]},{"@type":"ImageObject","inLanguage":"es","@id":"https:\/\/www.chuangyangmachinery.com\/product\/used-sany-80-ton-truck-crane\/#primaryimage","url":"https:\/\/www.chuangyangmachinery.com\/wp-content\/uploads\/2026\/03\/0261705fd1a608d0a64de7ff49a884b_WH_800x800px.webp","contentUrl":"https:\/\/www.chuangyangmachinery.com\/wp-content\/uploads\/2026\/03\/0261705fd1a608d0a64de7ff49a884b_WH_800x800px.webp","width":800,"height":800},{"@type":"BreadcrumbList","@id":"https:\/\/www.chuangyangmachinery.com\/product\/used-sany-80-ton-truck-crane\/#breadcrumb","itemListElement":[{"@type":"ListItem","position":1,"name":"Home","item":"https:\/\/www.chuangyangmachinery.com\/"},{"@type":"ListItem","position":2,"name":"Products","item":"https:\/\/www.chuangyangmachinery.com\/products\/"},{"@type":"ListItem","position":3,"name":"Used SANY 80-ton truck crane"}]},{"@type":"WebSite","@id":"https:\/\/www.chuangyangmachinery.com\/#website","url":"https:\/\/www.chuangyangmachinery.com\/","name":"Anhui Chuangyang Construction Machinery Co.","description":"","publisher":{"@id":"https:\/\/www.chuangyangmachinery.com\/#organization"},"potentialAction":[{"@type":"SearchAction","target":{"@type":"EntryPoint","urlTemplate":"https:\/\/www.chuangyangmachinery.com\/?s={search_term_string}"},"query-input":{"@type":"PropertyValueSpecification","valueRequired":true,"valueName":"search_term_string"}}],"inLanguage":"es"},{"@type":"Organization","@id":"https:\/\/www.chuangyangmachinery.com\/#organization","name":"Anhui Chuangyang Construction Machinery Co.","url":"https:\/\/www.chuangyangmachinery.com\/","logo":{"@type":"ImageObject","inLanguage":"es","@id":"https:\/\/www.chuangyangmachinery.com\/#\/schema\/logo\/image\/","url":"https:\/\/www.chuangyangmachinery.com\/wp-content\/uploads\/2026\/03\/cropped-chuangyang-logo.png","contentUrl":"https:\/\/www.chuangyangmachinery.com\/wp-content\/uploads\/2026\/03\/cropped-chuangyang-logo.png","width":512,"height":512,"caption":"Anhui Chuangyang Construction Machinery Co., Ltd."},"image":{"@id":"https:\/\/www.chuangyangmachinery.com\/#\/schema\/logo\/image\/"}}]}},"_links":{"self":[{"href":"https:\/\/www.chuangyangmachinery.com\/es\/wp-json\/wp\/v2\/product\/11491"}],"collection":[{"href":"https:\/\/www.chuangyangmachinery.com\/es\/wp-json\/wp\/v2\/product"}],"about":[{"href":"https:\/\/www.chuangyangmachinery.com\/es\/wp-json\/wp\/v2\/types\/product"}],"version-history":[{"count":1,"href":"https:\/\/www.chuangyangmachinery.com\/es\/wp-json\/wp\/v2\/product\/11491\/revisions"}],"predecessor-version":[{"id":11498,"href":"https:\/\/www.chuangyangmachinery.com\/es\/wp-json\/wp\/v2\/product\/11491\/revisions\/11498"}],"wp:featuredmedia":[{"embeddable":true,"href":"https:\/\/www.chuangyangmachinery.com\/es\/wp-json\/wp\/v2\/media\/11493"}],"wp:attachment":[{"href":"https:\/\/www.chuangyangmachinery.com\/es\/wp-json\/wp\/v2\/media?parent=11491"}],"wp:term":[{"taxonomy":"product_cat","embeddable":true,"href":"https:\/\/www.chuangyangmachinery.com\/es\/wp-json\/wp\/v2\/product_cat?post=11491"},{"taxonomy":"product_tag","embeddable":true,"href":"https:\/\/www.chuangyangmachinery.com\/es\/wp-json\/wp\/v2\/product_tag?post=11491"}],"curies":[{"name":"wp","href":"https:\/\/api.w.org\/{rel}","templated":true}]}}