{"id":12107,"date":"2026-03-18T11:06:07","date_gmt":"2026-03-18T03:06:07","guid":{"rendered":"https:\/\/www.chuangyangmachinery.com\/"},"modified":"2026-03-18T11:06:07","modified_gmt":"2026-03-18T03:06:07","slug":"good-price-used-doosan-dx225-large-stock-in-factory","status":"publish","type":"product","link":"https:\/\/www.chuangyangmachinery.com\/es\/product\/good-price-used-doosan-dx225-large-stock-in-factory\/","title":{"rendered":"Buen precio Doosan DX225 usado gran stock en f\u00e1brica"},"content":{"rendered":"<p>* Tenemos un fuerte equipo mec\u00e1nico para asegurar que todas las m\u00e1quinas bien mantenidas, de alta calidad, precio de descuento.<br \/>\n* All parts are well-maintenanced, best quality and can be inspected.<br \/>\n* Pocas horas de trabajo, barato y de alta calidad.<br \/>\n* Piezas de repuesto disponibles, la mejor m\u00e1quina de trabajo para usted.<br \/>\n* Proporcionamos casi todo tipo de m\u00e1quinas de construcci\u00f3n usadas en buen estado con bajo precio.<\/p>","protected":false},"excerpt":{"rendered":"<p>The Doosan DX225 excavator is highly recognized for its exceptional reliability and adaptability in various construction scenarios. It features intelligent fuel-saving technology that effectively reduces fuel consumption and lowers overall operating costs for users. With a robust and durable structure, it can withstand harsh working conditions and maintain stable performance for long-term operation. Its user-friendly design ensures smooth and precise operation, suitable for both experienced and novice operators. The ergonomic cab offers superior comfort, relieving operator fatigue during long shifts. Additionally, its centralized maintenance design enhances convenience, minimizing downtime and supported by reliable after-sales service to ensure efficient daily operation.<\/p>","protected":false},"featured_media":12115,"template":"","meta":{"_acf_changed":false,"site-sidebar-layout":"default","site-content-layout":"","ast-site-content-layout":"default","site-content-style":"default","site-sidebar-style":"default","ast-global-header-display":"","ast-banner-title-visibility":"","ast-main-header-display":"","ast-hfb-above-header-display":"","ast-hfb-below-header-display":"","ast-hfb-mobile-header-display":"","site-post-title":"","ast-breadcrumbs-content":"","ast-featured-img":"","footer-sml-layout":"","theme-transparent-header-meta":"default","adv-header-id-meta":"","stick-header-meta":"","header-above-stick-meta":"","header-main-stick-meta":"","header-below-stick-meta":"","astra-migrate-meta-layouts":"set","ast-page-background-enabled":"default","ast-page-background-meta":{"desktop":{"background-color":"var(--ast-global-color-4)","background-image":"","background-repeat":"repeat","background-position":"center center","background-size":"auto","background-attachment":"scroll","background-type":"","background-media":"","overlay-type":"","overlay-color":"","overlay-opacity":"","overlay-gradient":""},"tablet":{"background-color":"","background-image":"","background-repeat":"repeat","background-position":"center center","background-size":"auto","background-attachment":"scroll","background-type":"","background-media":"","overlay-type":"","overlay-color":"","overlay-opacity":"","overlay-gradient":""},"mobile":{"background-color":"","background-image":"","background-repeat":"repeat","background-position":"center center","background-size":"auto","background-attachment":"scroll","background-type":"","background-media":"","overlay-type":"","overlay-color":"","overlay-opacity":"","overlay-gradient":""}},"ast-content-background-meta":{"desktop":{"background-color":"var(--ast-global-color-5)","background-image":"","background-repeat":"repeat","background-position":"center center","background-size":"auto","background-attachment":"scroll","background-type":"","background-media":"","overlay-type":"","overlay-color":"","overlay-opacity":"","overlay-gradient":""},"tablet":{"background-color":"var(--ast-global-color-5)","background-image":"","background-repeat":"repeat","background-position":"center center","background-size":"auto","background-attachment":"scroll","background-type":"","background-media":"","overlay-type":"","overlay-color":"","overlay-opacity":"","overlay-gradient":""},"mobile":{"background-color":"var(--ast-global-color-5)","background-image":"","background-repeat":"repeat","background-position":"center center","background-size":"auto","background-attachment":"scroll","background-type":"","background-media":"","overlay-type":"","overlay-color":"","overlay-opacity":"","overlay-gradient":""}}},"product_cat":[81,67],"product_tag":[112,90,91],"class_list":{"0":"post-12107","1":"product","2":"type-product","3":"status-publish","4":"has-post-thumbnail","6":"product_cat-excavator","7":"product_cat-doosan","8":"product_tag-doosan-excavator","9":"product_tag-high-quality","10":"product_tag-in-good-condition","11":"desktop-align-left","12":"tablet-align-left","13":"mobile-align-left","15":"first","16":"instock","17":"shipping-taxable","18":"product-type-simple"},"acf":[],"yoast_head":"<!-- This site is optimized with the Yoast SEO plugin v23.7 - https:\/\/yoast.com\/wordpress\/plugins\/seo\/ -->\n<title>Good price used Doosan DX225 large stock in factory - Anhui Chuangyang Construction Machinery Co., Ltd.<\/title>\n<meta name=\"description\" content=\"The Doosan DX225 excavator is highly recognized for its exceptional reliability and adaptability in various construction scenarios.\" \/>\n<meta name=\"robots\" content=\"noindex, follow, max-snippet:-1, max-image-preview:large, max-video-preview:-1\" \/>\n<meta property=\"og:locale\" content=\"es_ES\" \/>\n<meta property=\"og:type\" content=\"article\" \/>\n<meta property=\"og:title\" content=\"Good price used Doosan DX225 large stock in factory - Anhui Chuangyang Construction Machinery Co., Ltd.\" \/>\n<meta property=\"og:description\" content=\"The Doosan DX225 excavator is highly recognized for its exceptional reliability and adaptability in various construction scenarios.\" \/>\n<meta property=\"og:url\" content=\"https:\/\/www.chuangyangmachinery.com\/es\/product\/good-price-used-doosan-dx225-large-stock-in-factory\/\" \/>\n<meta property=\"og:site_name\" content=\"Anhui Chuangyang Construction Machinery Co., Ltd.\" \/>\n<meta property=\"og:image\" content=\"https:\/\/www.chuangyangmachinery.com\/wp-content\/uploads\/2026\/03\/a9f96ff2aa37293977e88e031f80f9f8_WH_800x800px.webp\" \/>\n\t<meta property=\"og:image:width\" content=\"800\" \/>\n\t<meta property=\"og:image:height\" content=\"800\" \/>\n\t<meta property=\"og:image:type\" content=\"image\/webp\" \/>\n<meta name=\"twitter:card\" content=\"summary_large_image\" \/>\n<meta name=\"twitter:label1\" content=\"Est. reading time\" \/>\n\t<meta name=\"twitter:data1\" content=\"1 minuto\" \/>\n<script type=\"application\/ld+json\" class=\"yoast-schema-graph\">{\"@context\":\"https:\/\/schema.org\",\"@graph\":[{\"@type\":\"WebPage\",\"@id\":\"https:\/\/www.chuangyangmachinery.com\/product\/good-price-used-doosan-dx225-large-stock-in-factory\/\",\"url\":\"https:\/\/www.chuangyangmachinery.com\/product\/good-price-used-doosan-dx225-large-stock-in-factory\/\",\"name\":\"Good price used Doosan DX225 large stock in factory - Anhui Chuangyang Construction Machinery Co., Ltd.\",\"isPartOf\":{\"@id\":\"https:\/\/www.chuangyangmachinery.com\/#website\"},\"primaryImageOfPage\":{\"@id\":\"https:\/\/www.chuangyangmachinery.com\/product\/good-price-used-doosan-dx225-large-stock-in-factory\/#primaryimage\"},\"image\":{\"@id\":\"https:\/\/www.chuangyangmachinery.com\/product\/good-price-used-doosan-dx225-large-stock-in-factory\/#primaryimage\"},\"thumbnailUrl\":\"https:\/\/www.chuangyangmachinery.com\/wp-content\/uploads\/2026\/03\/a9f96ff2aa37293977e88e031f80f9f8_WH_800x800px.webp\",\"datePublished\":\"2026-03-18T03:06:07+00:00\",\"dateModified\":\"2026-03-18T03:06:07+00:00\",\"description\":\"The Doosan DX225 excavator is highly recognized for its exceptional reliability and adaptability in various construction scenarios.\",\"breadcrumb\":{\"@id\":\"https:\/\/www.chuangyangmachinery.com\/product\/good-price-used-doosan-dx225-large-stock-in-factory\/#breadcrumb\"},\"inLanguage\":\"es\",\"potentialAction\":[{\"@type\":\"ReadAction\",\"target\":[\"https:\/\/www.chuangyangmachinery.com\/product\/good-price-used-doosan-dx225-large-stock-in-factory\/\"]}]},{\"@type\":\"ImageObject\",\"inLanguage\":\"es\",\"@id\":\"https:\/\/www.chuangyangmachinery.com\/product\/good-price-used-doosan-dx225-large-stock-in-factory\/#primaryimage\",\"url\":\"https:\/\/www.chuangyangmachinery.com\/wp-content\/uploads\/2026\/03\/a9f96ff2aa37293977e88e031f80f9f8_WH_800x800px.webp\",\"contentUrl\":\"https:\/\/www.chuangyangmachinery.com\/wp-content\/uploads\/2026\/03\/a9f96ff2aa37293977e88e031f80f9f8_WH_800x800px.webp\",\"width\":800,\"height\":800},{\"@type\":\"BreadcrumbList\",\"@id\":\"https:\/\/www.chuangyangmachinery.com\/product\/good-price-used-doosan-dx225-large-stock-in-factory\/#breadcrumb\",\"itemListElement\":[{\"@type\":\"ListItem\",\"position\":1,\"name\":\"Home\",\"item\":\"https:\/\/www.chuangyangmachinery.com\/\"},{\"@type\":\"ListItem\",\"position\":2,\"name\":\"Products\",\"item\":\"https:\/\/www.chuangyangmachinery.com\/products\/\"},{\"@type\":\"ListItem\",\"position\":3,\"name\":\"Good price used Doosan DX225 large stock in factory\"}]},{\"@type\":\"WebSite\",\"@id\":\"https:\/\/www.chuangyangmachinery.com\/#website\",\"url\":\"https:\/\/www.chuangyangmachinery.com\/\",\"name\":\"Anhui Chuangyang Construction Machinery Co., Ltd.\",\"description\":\"\",\"publisher\":{\"@id\":\"https:\/\/www.chuangyangmachinery.com\/#organization\"},\"potentialAction\":[{\"@type\":\"SearchAction\",\"target\":{\"@type\":\"EntryPoint\",\"urlTemplate\":\"https:\/\/www.chuangyangmachinery.com\/?s={search_term_string}\"},\"query-input\":{\"@type\":\"PropertyValueSpecification\",\"valueRequired\":true,\"valueName\":\"search_term_string\"}}],\"inLanguage\":\"es\"},{\"@type\":\"Organization\",\"@id\":\"https:\/\/www.chuangyangmachinery.com\/#organization\",\"name\":\"Anhui Chuangyang Construction Machinery Co., Ltd.\",\"url\":\"https:\/\/www.chuangyangmachinery.com\/\",\"logo\":{\"@type\":\"ImageObject\",\"inLanguage\":\"es\",\"@id\":\"https:\/\/www.chuangyangmachinery.com\/#\/schema\/logo\/image\/\",\"url\":\"https:\/\/www.chuangyangmachinery.com\/wp-content\/uploads\/2026\/03\/cropped-chuangyang-logo.png\",\"contentUrl\":\"https:\/\/www.chuangyangmachinery.com\/wp-content\/uploads\/2026\/03\/cropped-chuangyang-logo.png\",\"width\":512,\"height\":512,\"caption\":\"Anhui Chuangyang Construction Machinery Co., Ltd.\"},\"image\":{\"@id\":\"https:\/\/www.chuangyangmachinery.com\/#\/schema\/logo\/image\/\"}}]}<\/script>\n<!-- \/ Yoast SEO plugin. -->","yoast_head_json":{"title":"Good price used Doosan DX225 large stock in factory - Anhui Chuangyang Construction Machinery Co., Ltd.","description":"The Doosan DX225 excavator is highly recognized for its exceptional reliability and adaptability in various construction scenarios.","robots":{"index":"noindex","follow":"follow","max-snippet":"max-snippet:-1","max-image-preview":"max-image-preview:large","max-video-preview":"max-video-preview:-1"},"og_locale":"es_ES","og_type":"article","og_title":"Good price used Doosan DX225 large stock in factory - Anhui Chuangyang Construction Machinery Co., Ltd.","og_description":"The Doosan DX225 excavator is highly recognized for its exceptional reliability and adaptability in various construction scenarios.","og_url":"https:\/\/www.chuangyangmachinery.com\/es\/product\/good-price-used-doosan-dx225-large-stock-in-factory\/","og_site_name":"Anhui Chuangyang Construction Machinery Co., Ltd.","og_image":[{"width":800,"height":800,"url":"https:\/\/www.chuangyangmachinery.com\/wp-content\/uploads\/2026\/03\/a9f96ff2aa37293977e88e031f80f9f8_WH_800x800px.webp","type":"image\/webp"}],"twitter_card":"summary_large_image","twitter_misc":{"Est. reading time":"1 minuto"},"schema":{"@context":"https:\/\/schema.org","@graph":[{"@type":"WebPage","@id":"https:\/\/www.chuangyangmachinery.com\/product\/good-price-used-doosan-dx225-large-stock-in-factory\/","url":"https:\/\/www.chuangyangmachinery.com\/product\/good-price-used-doosan-dx225-large-stock-in-factory\/","name":"Good price used Doosan DX225 large stock in factory - Anhui Chuangyang Construction Machinery Co., Ltd.","isPartOf":{"@id":"https:\/\/www.chuangyangmachinery.com\/#website"},"primaryImageOfPage":{"@id":"https:\/\/www.chuangyangmachinery.com\/product\/good-price-used-doosan-dx225-large-stock-in-factory\/#primaryimage"},"image":{"@id":"https:\/\/www.chuangyangmachinery.com\/product\/good-price-used-doosan-dx225-large-stock-in-factory\/#primaryimage"},"thumbnailUrl":"https:\/\/www.chuangyangmachinery.com\/wp-content\/uploads\/2026\/03\/a9f96ff2aa37293977e88e031f80f9f8_WH_800x800px.webp","datePublished":"2026-03-18T03:06:07+00:00","dateModified":"2026-03-18T03:06:07+00:00","description":"The Doosan DX225 excavator is highly recognized for its exceptional reliability and adaptability in various construction scenarios.","breadcrumb":{"@id":"https:\/\/www.chuangyangmachinery.com\/product\/good-price-used-doosan-dx225-large-stock-in-factory\/#breadcrumb"},"inLanguage":"es","potentialAction":[{"@type":"ReadAction","target":["https:\/\/www.chuangyangmachinery.com\/product\/good-price-used-doosan-dx225-large-stock-in-factory\/"]}]},{"@type":"ImageObject","inLanguage":"es","@id":"https:\/\/www.chuangyangmachinery.com\/product\/good-price-used-doosan-dx225-large-stock-in-factory\/#primaryimage","url":"https:\/\/www.chuangyangmachinery.com\/wp-content\/uploads\/2026\/03\/a9f96ff2aa37293977e88e031f80f9f8_WH_800x800px.webp","contentUrl":"https:\/\/www.chuangyangmachinery.com\/wp-content\/uploads\/2026\/03\/a9f96ff2aa37293977e88e031f80f9f8_WH_800x800px.webp","width":800,"height":800},{"@type":"BreadcrumbList","@id":"https:\/\/www.chuangyangmachinery.com\/product\/good-price-used-doosan-dx225-large-stock-in-factory\/#breadcrumb","itemListElement":[{"@type":"ListItem","position":1,"name":"Home","item":"https:\/\/www.chuangyangmachinery.com\/"},{"@type":"ListItem","position":2,"name":"Products","item":"https:\/\/www.chuangyangmachinery.com\/products\/"},{"@type":"ListItem","position":3,"name":"Good price used Doosan DX225 large stock in factory"}]},{"@type":"WebSite","@id":"https:\/\/www.chuangyangmachinery.com\/#website","url":"https:\/\/www.chuangyangmachinery.com\/","name":"Anhui Chuangyang Construction Machinery Co.","description":"","publisher":{"@id":"https:\/\/www.chuangyangmachinery.com\/#organization"},"potentialAction":[{"@type":"SearchAction","target":{"@type":"EntryPoint","urlTemplate":"https:\/\/www.chuangyangmachinery.com\/?s={search_term_string}"},"query-input":{"@type":"PropertyValueSpecification","valueRequired":true,"valueName":"search_term_string"}}],"inLanguage":"es"},{"@type":"Organization","@id":"https:\/\/www.chuangyangmachinery.com\/#organization","name":"Anhui Chuangyang Construction Machinery Co.","url":"https:\/\/www.chuangyangmachinery.com\/","logo":{"@type":"ImageObject","inLanguage":"es","@id":"https:\/\/www.chuangyangmachinery.com\/#\/schema\/logo\/image\/","url":"https:\/\/www.chuangyangmachinery.com\/wp-content\/uploads\/2026\/03\/cropped-chuangyang-logo.png","contentUrl":"https:\/\/www.chuangyangmachinery.com\/wp-content\/uploads\/2026\/03\/cropped-chuangyang-logo.png","width":512,"height":512,"caption":"Anhui Chuangyang Construction Machinery Co., Ltd."},"image":{"@id":"https:\/\/www.chuangyangmachinery.com\/#\/schema\/logo\/image\/"}}]}},"_links":{"self":[{"href":"https:\/\/www.chuangyangmachinery.com\/es\/wp-json\/wp\/v2\/product\/12107"}],"collection":[{"href":"https:\/\/www.chuangyangmachinery.com\/es\/wp-json\/wp\/v2\/product"}],"about":[{"href":"https:\/\/www.chuangyangmachinery.com\/es\/wp-json\/wp\/v2\/types\/product"}],"version-history":[{"count":1,"href":"https:\/\/www.chuangyangmachinery.com\/es\/wp-json\/wp\/v2\/product\/12107\/revisions"}],"predecessor-version":[{"id":12119,"href":"https:\/\/www.chuangyangmachinery.com\/es\/wp-json\/wp\/v2\/product\/12107\/revisions\/12119"}],"wp:featuredmedia":[{"embeddable":true,"href":"https:\/\/www.chuangyangmachinery.com\/es\/wp-json\/wp\/v2\/media\/12115"}],"wp:attachment":[{"href":"https:\/\/www.chuangyangmachinery.com\/es\/wp-json\/wp\/v2\/media?parent=12107"}],"wp:term":[{"taxonomy":"product_cat","embeddable":true,"href":"https:\/\/www.chuangyangmachinery.com\/es\/wp-json\/wp\/v2\/product_cat?post=12107"},{"taxonomy":"product_tag","embeddable":true,"href":"https:\/\/www.chuangyangmachinery.com\/es\/wp-json\/wp\/v2\/product_tag?post=12107"}],"curies":[{"name":"wp","href":"https:\/\/api.w.org\/{rel}","templated":true}]}}