{"id":1319,"date":"2024-09-15T08:40:50","date_gmt":"2024-09-15T08:40:50","guid":{"rendered":"https:\/\/chuangyangmachinery.com\/about\/"},"modified":"2026-03-11T17:34:31","modified_gmt":"2026-03-11T09:34:31","slug":"a-propos-de","status":"publish","type":"page","link":"https:\/\/www.chuangyangmachinery.com\/fr\/a-propos-de\/","title":{"rendered":"A propos de"},"content":{"rendered":"<div data-elementor-type=\"wp-page\" data-elementor-id=\"1319\" class=\"elementor elementor-1319\" data-elementor-post-type=\"page\">\n\t\t\t\t<div class=\"elementor-element elementor-element-545ccad e-flex e-con-boxed e-con e-parent\" data-id=\"545ccad\" data-element_type=\"container\" data-settings=\"{&quot;background_background&quot;:&quot;classic&quot;}\">\n\t\t\t\t\t<div class=\"e-con-inner\">\n\t\t\t\t<div class=\"elementor-element elementor-element-404897c elementor-widget elementor-widget-heading\" data-id=\"404897c\" data-element_type=\"widget\" data-widget_type=\"heading.default\">\n\t\t\t\t<div class=\"elementor-widget-container\">\n\t\t\t<h1 class=\"elementor-heading-title elementor-size-default\">A propos de<\/h1>\t\t<\/div>\n\t\t\t\t<\/div>\n\t\t\t\t<div class=\"elementor-element elementor-element-d534282 elementor-widget elementor-widget-heading\" data-id=\"d534282\" data-element_type=\"widget\" data-widget_type=\"heading.default\">\n\t\t\t\t<div class=\"elementor-widget-container\">\n\t\t\t<div class=\"elementor-heading-title elementor-size-default\">Nous sommes tr\u00e8s impliqu\u00e9s dans l'industrie des excavateurs d'occasion depuis 20 ans.<\/div>\t\t<\/div>\n\t\t\t\t<\/div>\n\t\t\t\t\t<\/div>\n\t\t\t\t<\/div>\n\t\t<div class=\"elementor-element elementor-element-670ef07 e-con-full e-flex e-con e-parent\" data-id=\"670ef07\" data-element_type=\"container\">\n\t\t\t\t<div class=\"elementor-element elementor-element-374c1c9 elementor-widget elementor-widget-shortcode\" data-id=\"374c1c9\" data-element_type=\"widget\" data-widget_type=\"shortcode.default\">\n\t\t\t\t<div class=\"elementor-widget-container\">\n\t\t\t\t\t<div class=\"elementor-shortcode\">    <svg class=\"waves\" viewbox=\"0 24 150 28\" preserveaspectratio=\"none\" shape-rendering=\"auto\">\n  <defs>\n    <path id=\"gentle-wave\" d=\"M-160 44c30 0 58-18 88-18s 58 18 88 18 58-18 88-18 58 18 88 18 v44h-352z\"><\/path>\n  <\/defs>\n  <g class=\"parallax\">\n    <use xlink:href=\"#gentle-wave\" x=\"48\" y=\"0\" fill=\"rgba(255,255,255,0.7)\"><\/use>\n    <use xlink:href=\"#gentle-wave\" x=\"48\" y=\"3\" fill=\"rgba(255,255,255,0.5)\"><\/use>\n    <use xlink:href=\"#gentle-wave\" x=\"48\" y=\"5\" fill=\"rgba(255,255,255,0.3)\"><\/use>\n    <use xlink:href=\"#gentle-wave\" x=\"48\" y=\"7\" fill=\"#fff\"><\/use>\n  <\/g>\n<\/svg><\/div>\n\t\t\t\t<\/div>\n\t\t\t\t<\/div>\n\t\t\t\t<\/div>\n\t\t<div class=\"elementor-element elementor-element-e247fc1 e-flex e-con-boxed e-con e-parent\" data-id=\"e247fc1\" data-element_type=\"container\" data-settings=\"{&quot;background_background&quot;:&quot;classic&quot;}\">\n\t\t\t\t\t<div class=\"e-con-inner\">\n\t\t<div class=\"elementor-element elementor-element-bbe2790 e-con-full e-flex e-con e-child\" data-id=\"bbe2790\" data-element_type=\"container\">\n\t\t\t\t<div class=\"elementor-element elementor-element-1bdc108 t_title elementor-widget elementor-widget-heading\" data-id=\"1bdc108\" data-element_type=\"widget\" data-widget_type=\"heading.default\">\n\t\t\t\t<div class=\"elementor-widget-container\">\n\t\t\t<div class=\"elementor-heading-title elementor-size-default\">\u00c0 PROPOS DE NOUS<\/div>\t\t<\/div>\n\t\t\t\t<\/div>\n\t\t\t\t<div class=\"elementor-element elementor-element-cb03d28 elementor-widget elementor-widget-image\" data-id=\"cb03d28\" data-element_type=\"widget\" data-widget_type=\"image.default\">\n\t\t\t\t<div class=\"elementor-widget-container\">\n\t\t\t\t\t\t\t\t\t\t\t\t\t<img fetchpriority=\"high\" decoding=\"async\" width=\"549\" height=\"527\" src=\"https:\/\/www.chuangyangmachinery.com\/wp-content\/uploads\/2024\/10\/765a1fac6592efe1.jpg\" class=\"attachment-large size-large wp-image-7970\" alt=\"\" srcset=\"https:\/\/www.chuangyangmachinery.com\/wp-content\/uploads\/2024\/10\/765a1fac6592efe1.jpg 549w, https:\/\/www.chuangyangmachinery.com\/wp-content\/uploads\/2024\/10\/765a1fac6592efe1-300x288.jpg 300w\" sizes=\"(max-width: 549px) 100vw, 549px\" \/>\t\t\t\t\t\t\t\t\t\t\t\t\t<\/div>\n\t\t\t\t<\/div>\n\t\t\t\t<\/div>\n\t\t<div class=\"elementor-element elementor-element-e6846b7 e-con-full e-flex e-con e-child\" data-id=\"e6846b7\" data-element_type=\"container\">\n\t\t\t\t<div class=\"elementor-element elementor-element-c543b1d elementor-widget elementor-widget-video\" data-id=\"c543b1d\" data-element_type=\"widget\" data-settings=\"{&quot;youtube_url&quot;:&quot;https:\\\/\\\/www.youtube.com&quot;,&quot;video_type&quot;:&quot;youtube&quot;,&quot;controls&quot;:&quot;yes&quot;}\" data-widget_type=\"video.default\">\n\t\t\t\t<div class=\"elementor-widget-container\">\n\t\t\t\t\t<div class=\"elementor-wrapper elementor-open-inline\">\n\t\t\t<div class=\"elementor-video\"><\/div>\t\t<\/div>\n\t\t\t\t<\/div>\n\t\t\t\t<\/div>\n\t\t\t\t<div class=\"elementor-element elementor-element-f8d0bbb elementor-widget elementor-widget-heading\" data-id=\"f8d0bbb\" data-element_type=\"widget\" data-widget_type=\"heading.default\">\n\t\t\t\t<div class=\"elementor-widget-container\">\n\t\t\t<h3 class=\"elementor-heading-title elementor-size-default\">Anhui Chuangyang Construction Machinery Co, Ltd.<\/h3>\t\t<\/div>\n\t\t\t\t<\/div>\n\t\t\t\t<div class=\"elementor-element elementor-element-c6f709f elementor-widget elementor-widget-text-editor\" data-id=\"c6f709f\" data-element_type=\"widget\" data-widget_type=\"text-editor.default\">\n\t\t\t\t<div class=\"elementor-widget-container\">\n\t\t\t\t\t\t\t<p>Anhui Chuangyang Construction Machinery Co. est un professionnel distingu\u00e9 dans le domaine des excavateurs d'occasion. Avec plus de deux d\u00e9cennies d'implication dans l'industrie des excavateurs d'occasion, nous avons accumul\u00e9 une riche exp\u00e9rience. Notre soci\u00e9t\u00e9 dispose d'un stock de plus de 1 000 excavateurs d'occasion de diff\u00e9rents mod\u00e8les et de marques r\u00e9put\u00e9es. Lorsqu'il s'agit d'excavatrices et de machines de construction connexes, nous sommes votre premier choix. Nous nous engageons \u00e0 fournir des machines de haute qualit\u00e9 aux prix les plus comp\u00e9titifs. Les amis du monde entier sont chaleureusement invit\u00e9s \u00e0 nous contacter pour n\u00e9gocier et coop\u00e9rer.<\/p>\t\t\t\t\t\t<\/div>\n\t\t\t\t<\/div>\n\t\t\t\t<\/div>\n\t\t\t\t\t<\/div>\n\t\t\t\t<\/div>\n\t\t\t\t<\/div>","protected":false},"excerpt":{"rendered":"<p>We have been deeply involved in the used excavators industry for 20 years. ABOUT US https:\/\/www.youtube.com Anhui Chuangyang Construction Machinery Co., Ltd. Anhui Chuangyang Construction Machinery Co., Ltd. is a distinguished professional in the used excavator field. With over two decades of in-depth involvement in the used excavator industry, we have accumulated rich experience. Our [&hellip;]<\/p>\n","protected":false},"author":1,"featured_media":0,"parent":0,"menu_order":0,"comment_status":"closed","ping_status":"closed","template":"","meta":{"_acf_changed":false,"site-sidebar-layout":"no-sidebar","site-content-layout":"page-builder","ast-site-content-layout":"full-width-container","site-content-style":"unboxed","site-sidebar-style":"unboxed","ast-global-header-display":"","ast-banner-title-visibility":"","ast-main-header-display":"","ast-hfb-above-header-display":"","ast-hfb-below-header-display":"","ast-hfb-mobile-header-display":"","site-post-title":"disabled","ast-breadcrumbs-content":"","ast-featured-img":"disabled","footer-sml-layout":"","theme-transparent-header-meta":"enabled","adv-header-id-meta":"","stick-header-meta":"","header-above-stick-meta":"","header-main-stick-meta":"","header-below-stick-meta":"","astra-migrate-meta-layouts":"set","ast-page-background-enabled":"default","ast-page-background-meta":{"desktop":{"background-color":"var(--ast-global-color-4)","background-image":"","background-repeat":"repeat","background-position":"center center","background-size":"auto","background-attachment":"scroll","background-type":"","background-media":"","overlay-type":"","overlay-color":"","overlay-opacity":"","overlay-gradient":""},"tablet":{"background-color":"","background-image":"","background-repeat":"repeat","background-position":"center center","background-size":"auto","background-attachment":"scroll","background-type":"","background-media":"","overlay-type":"","overlay-color":"","overlay-opacity":"","overlay-gradient":""},"mobile":{"background-color":"","background-image":"","background-repeat":"repeat","background-position":"center center","background-size":"auto","background-attachment":"scroll","background-type":"","background-media":"","overlay-type":"","overlay-color":"","overlay-opacity":"","overlay-gradient":""}},"ast-content-background-meta":{"desktop":{"background-color":"var(--ast-global-color-5)","background-image":"","background-repeat":"repeat","background-position":"center center","background-size":"auto","background-attachment":"scroll","background-type":"","background-media":"","overlay-type":"","overlay-color":"","overlay-opacity":"","overlay-gradient":""},"tablet":{"background-color":"var(--ast-global-color-5)","background-image":"","background-repeat":"repeat","background-position":"center center","background-size":"auto","background-attachment":"scroll","background-type":"","background-media":"","overlay-type":"","overlay-color":"","overlay-opacity":"","overlay-gradient":""},"mobile":{"background-color":"var(--ast-global-color-5)","background-image":"","background-repeat":"repeat","background-position":"center center","background-size":"auto","background-attachment":"scroll","background-type":"","background-media":"","overlay-type":"","overlay-color":"","overlay-opacity":"","overlay-gradient":""}},"footnotes":""},"class_list":["post-1319","page","type-page","status-publish","hentry"],"acf":[],"yoast_head":"<!-- This site is optimized with the Yoast SEO plugin v23.7 - https:\/\/yoast.com\/wordpress\/plugins\/seo\/ -->\n<title>About - Anhui Chuangyang Construction Machinery Co., Ltd.<\/title>\n<meta name=\"robots\" content=\"noindex, follow, max-snippet:-1, max-image-preview:large, max-video-preview:-1\" \/>\n<meta property=\"og:locale\" content=\"fr_FR\" \/>\n<meta property=\"og:type\" content=\"article\" \/>\n<meta property=\"og:title\" content=\"About - Anhui Chuangyang Construction Machinery Co., Ltd.\" \/>\n<meta property=\"og:description\" content=\"We have been deeply involved in the used excavators industry for 20 years. ABOUT US https:\/\/www.youtube.com Anhui Chuangyang Construction Machinery Co., Ltd. Anhui Chuangyang Construction Machinery Co., Ltd. is a distinguished professional in the used excavator field. With over two decades of in-depth involvement in the used excavator industry, we have accumulated rich experience. Our [&hellip;]\" \/>\n<meta property=\"og:url\" content=\"https:\/\/www.chuangyangmachinery.com\/fr\/a-propos-de\/\" \/>\n<meta property=\"og:site_name\" content=\"Anhui Chuangyang Construction Machinery Co., Ltd.\" \/>\n<meta property=\"article:modified_time\" content=\"2026-03-11T09:34:31+00:00\" \/>\n<meta property=\"og:image\" content=\"https:\/\/www.chuangyangmachinery.com\/wp-content\/uploads\/2024\/10\/765a1fac6592efe1.jpg\" \/>\n\t<meta property=\"og:image:width\" content=\"549\" \/>\n\t<meta property=\"og:image:height\" content=\"527\" \/>\n\t<meta property=\"og:image:type\" content=\"image\/jpeg\" \/>\n<meta name=\"twitter:card\" content=\"summary_large_image\" \/>\n<meta name=\"twitter:label1\" content=\"Est. reading time\" \/>\n\t<meta name=\"twitter:data1\" content=\"1 minute\" \/>\n<script type=\"application\/ld+json\" class=\"yoast-schema-graph\">{\"@context\":\"https:\/\/schema.org\",\"@graph\":[{\"@type\":\"WebPage\",\"@id\":\"https:\/\/www.chuangyangmachinery.com\/about\/\",\"url\":\"https:\/\/www.chuangyangmachinery.com\/about\/\",\"name\":\"About - Anhui Chuangyang Construction Machinery Co., Ltd.\",\"isPartOf\":{\"@id\":\"https:\/\/www.chuangyangmachinery.com\/#website\"},\"primaryImageOfPage\":{\"@id\":\"https:\/\/www.chuangyangmachinery.com\/about\/#primaryimage\"},\"image\":{\"@id\":\"https:\/\/www.chuangyangmachinery.com\/about\/#primaryimage\"},\"thumbnailUrl\":\"https:\/\/www.chuangyangmachinery.com\/wp-content\/uploads\/2024\/10\/765a1fac6592efe1.jpg\",\"datePublished\":\"2024-09-15T08:40:50+00:00\",\"dateModified\":\"2026-03-11T09:34:31+00:00\",\"breadcrumb\":{\"@id\":\"https:\/\/www.chuangyangmachinery.com\/about\/#breadcrumb\"},\"inLanguage\":\"fr-FR\",\"potentialAction\":[{\"@type\":\"ReadAction\",\"target\":[\"https:\/\/www.chuangyangmachinery.com\/about\/\"]}]},{\"@type\":\"ImageObject\",\"inLanguage\":\"fr-FR\",\"@id\":\"https:\/\/www.chuangyangmachinery.com\/about\/#primaryimage\",\"url\":\"https:\/\/www.chuangyangmachinery.com\/wp-content\/uploads\/2024\/10\/765a1fac6592efe1.jpg\",\"contentUrl\":\"https:\/\/www.chuangyangmachinery.com\/wp-content\/uploads\/2024\/10\/765a1fac6592efe1.jpg\"},{\"@type\":\"BreadcrumbList\",\"@id\":\"https:\/\/www.chuangyangmachinery.com\/about\/#breadcrumb\",\"itemListElement\":[{\"@type\":\"ListItem\",\"position\":1,\"name\":\"Home\",\"item\":\"https:\/\/www.chuangyangmachinery.com\/\"},{\"@type\":\"ListItem\",\"position\":2,\"name\":\"About\"}]},{\"@type\":\"WebSite\",\"@id\":\"https:\/\/www.chuangyangmachinery.com\/#website\",\"url\":\"https:\/\/www.chuangyangmachinery.com\/\",\"name\":\"Anhui Chuangyang Construction Machinery Co., Ltd.\",\"description\":\"\",\"publisher\":{\"@id\":\"https:\/\/www.chuangyangmachinery.com\/#organization\"},\"potentialAction\":[{\"@type\":\"SearchAction\",\"target\":{\"@type\":\"EntryPoint\",\"urlTemplate\":\"https:\/\/www.chuangyangmachinery.com\/?s={search_term_string}\"},\"query-input\":{\"@type\":\"PropertyValueSpecification\",\"valueRequired\":true,\"valueName\":\"search_term_string\"}}],\"inLanguage\":\"fr-FR\"},{\"@type\":\"Organization\",\"@id\":\"https:\/\/www.chuangyangmachinery.com\/#organization\",\"name\":\"Anhui Chuangyang Construction Machinery Co., Ltd.\",\"url\":\"https:\/\/www.chuangyangmachinery.com\/\",\"logo\":{\"@type\":\"ImageObject\",\"inLanguage\":\"fr-FR\",\"@id\":\"https:\/\/www.chuangyangmachinery.com\/#\/schema\/logo\/image\/\",\"url\":\"https:\/\/www.chuangyangmachinery.com\/wp-content\/uploads\/2026\/03\/cropped-chuangyang-logo.png\",\"contentUrl\":\"https:\/\/www.chuangyangmachinery.com\/wp-content\/uploads\/2026\/03\/cropped-chuangyang-logo.png\",\"width\":512,\"height\":512,\"caption\":\"Anhui Chuangyang Construction Machinery Co., Ltd.\"},\"image\":{\"@id\":\"https:\/\/www.chuangyangmachinery.com\/#\/schema\/logo\/image\/\"}}]}<\/script>\n<!-- \/ Yoast SEO plugin. -->","yoast_head_json":{"title":"\u00c0 propos - Anhui Chuangyang Construction Machinery Co.","robots":{"index":"noindex","follow":"follow","max-snippet":"max-snippet:-1","max-image-preview":"max-image-preview:large","max-video-preview":"max-video-preview:-1"},"og_locale":"fr_FR","og_type":"article","og_title":"About - Anhui Chuangyang Construction Machinery Co., Ltd.","og_description":"We have been deeply involved in the used excavators industry for 20 years. ABOUT US https:\/\/www.youtube.com Anhui Chuangyang Construction Machinery Co., Ltd. Anhui Chuangyang Construction Machinery Co., Ltd. is a distinguished professional in the used excavator field. With over two decades of in-depth involvement in the used excavator industry, we have accumulated rich experience. Our [&hellip;]","og_url":"https:\/\/www.chuangyangmachinery.com\/fr\/a-propos-de\/","og_site_name":"Anhui Chuangyang Construction Machinery Co., Ltd.","article_modified_time":"2026-03-11T09:34:31+00:00","og_image":[{"width":549,"height":527,"url":"https:\/\/www.chuangyangmachinery.com\/wp-content\/uploads\/2024\/10\/765a1fac6592efe1.jpg","type":"image\/jpeg"}],"twitter_card":"summary_large_image","twitter_misc":{"Est. reading time":"1 minute"},"schema":{"@context":"https:\/\/schema.org","@graph":[{"@type":"WebPage","@id":"https:\/\/www.chuangyangmachinery.com\/about\/","url":"https:\/\/www.chuangyangmachinery.com\/about\/","name":"\u00c0 propos - Anhui Chuangyang Construction Machinery Co.","isPartOf":{"@id":"https:\/\/www.chuangyangmachinery.com\/#website"},"primaryImageOfPage":{"@id":"https:\/\/www.chuangyangmachinery.com\/about\/#primaryimage"},"image":{"@id":"https:\/\/www.chuangyangmachinery.com\/about\/#primaryimage"},"thumbnailUrl":"https:\/\/www.chuangyangmachinery.com\/wp-content\/uploads\/2024\/10\/765a1fac6592efe1.jpg","datePublished":"2024-09-15T08:40:50+00:00","dateModified":"2026-03-11T09:34:31+00:00","breadcrumb":{"@id":"https:\/\/www.chuangyangmachinery.com\/about\/#breadcrumb"},"inLanguage":"fr-FR","potentialAction":[{"@type":"ReadAction","target":["https:\/\/www.chuangyangmachinery.com\/about\/"]}]},{"@type":"ImageObject","inLanguage":"fr-FR","@id":"https:\/\/www.chuangyangmachinery.com\/about\/#primaryimage","url":"https:\/\/www.chuangyangmachinery.com\/wp-content\/uploads\/2024\/10\/765a1fac6592efe1.jpg","contentUrl":"https:\/\/www.chuangyangmachinery.com\/wp-content\/uploads\/2024\/10\/765a1fac6592efe1.jpg"},{"@type":"BreadcrumbList","@id":"https:\/\/www.chuangyangmachinery.com\/about\/#breadcrumb","itemListElement":[{"@type":"ListItem","position":1,"name":"Home","item":"https:\/\/www.chuangyangmachinery.com\/"},{"@type":"ListItem","position":2,"name":"About"}]},{"@type":"WebSite","@id":"https:\/\/www.chuangyangmachinery.com\/#website","url":"https:\/\/www.chuangyangmachinery.com\/","name":"Anhui Chuangyang Construction Machinery Co, Ltd.","description":"","publisher":{"@id":"https:\/\/www.chuangyangmachinery.com\/#organization"},"potentialAction":[{"@type":"SearchAction","target":{"@type":"EntryPoint","urlTemplate":"https:\/\/www.chuangyangmachinery.com\/?s={search_term_string}"},"query-input":{"@type":"PropertyValueSpecification","valueRequired":true,"valueName":"search_term_string"}}],"inLanguage":"fr-FR"},{"@type":"Organization","@id":"https:\/\/www.chuangyangmachinery.com\/#organization","name":"Anhui Chuangyang Construction Machinery Co, Ltd.","url":"https:\/\/www.chuangyangmachinery.com\/","logo":{"@type":"ImageObject","inLanguage":"fr-FR","@id":"https:\/\/www.chuangyangmachinery.com\/#\/schema\/logo\/image\/","url":"https:\/\/www.chuangyangmachinery.com\/wp-content\/uploads\/2026\/03\/cropped-chuangyang-logo.png","contentUrl":"https:\/\/www.chuangyangmachinery.com\/wp-content\/uploads\/2026\/03\/cropped-chuangyang-logo.png","width":512,"height":512,"caption":"Anhui Chuangyang Construction Machinery Co., Ltd."},"image":{"@id":"https:\/\/www.chuangyangmachinery.com\/#\/schema\/logo\/image\/"}}]}},"_links":{"self":[{"href":"https:\/\/www.chuangyangmachinery.com\/fr\/wp-json\/wp\/v2\/pages\/1319"}],"collection":[{"href":"https:\/\/www.chuangyangmachinery.com\/fr\/wp-json\/wp\/v2\/pages"}],"about":[{"href":"https:\/\/www.chuangyangmachinery.com\/fr\/wp-json\/wp\/v2\/types\/page"}],"author":[{"embeddable":true,"href":"https:\/\/www.chuangyangmachinery.com\/fr\/wp-json\/wp\/v2\/users\/1"}],"replies":[{"embeddable":true,"href":"https:\/\/www.chuangyangmachinery.com\/fr\/wp-json\/wp\/v2\/comments?post=1319"}],"version-history":[{"count":46,"href":"https:\/\/www.chuangyangmachinery.com\/fr\/wp-json\/wp\/v2\/pages\/1319\/revisions"}],"predecessor-version":[{"id":11191,"href":"https:\/\/www.chuangyangmachinery.com\/fr\/wp-json\/wp\/v2\/pages\/1319\/revisions\/11191"}],"wp:attachment":[{"href":"https:\/\/www.chuangyangmachinery.com\/fr\/wp-json\/wp\/v2\/media?parent=1319"}],"curies":[{"name":"wp","href":"https:\/\/api.w.org\/{rel}","templated":true}]}}