{"id":11507,"date":"2026-03-13T11:45:26","date_gmt":"2026-03-13T03:45:26","guid":{"rendered":"https:\/\/www.chuangyangmachinery.com\/"},"modified":"2026-03-13T11:45:26","modified_gmt":"2026-03-13T03:45:26","slug":"used-xcmg-25-ton-truck-crane","status":"publish","type":"product","link":"https:\/\/www.chuangyangmachinery.com\/fr\/product\/used-xcmg-25-ton-truck-crane\/","title":{"rendered":"Used XCMG 25-ton truck crane"},"content":{"rendered":"<p>* Nous disposons d'une \u00e9quipe m\u00e9canique solide pour garantir que toutes les machines sont bien entretenues, de haute qualit\u00e9 et \u00e0 des prix r\u00e9duits.<br \/>\n* Toutes les pi\u00e8ces sont bien entretenues, de la meilleure qualit\u00e9, et peuvent \u00eatre inspect\u00e9es.<br \/>\n* Heures de travail r\u00e9duites, bon march\u00e9 et de haute qualit\u00e9.<br \/>\n* Les pi\u00e8ces de rechange sont disponibles, ce qui permet d'obtenir la meilleure machine possible.<br \/>\n* Nous fournissons presque tous les types de machines de construction d'occasion en bon \u00e9tat et \u00e0 bas prix.<\/p>","protected":false},"excerpt":{"rendered":"<div data-page-id=\"I97Nfnpj9dLKlEcvh1kcA8jMn7j\" data-lark-html-role=\"root\" data-docx-has-block-data=\"false\">\n<div class=\"ace-line ace-line old-record-id-TXhYfEre5dM5VscjMaDc8D6Cnzc\">The XCMG 25 crane is a reliable and versatile lifting equipment, suitable for various construction scenarios such as urban construction, infrastructure and equipment installation. It features excellent operational flexibility and stability, enabling smooth and precise lifting operations even in narrow or complex on-site environments. Its ergonomic cab is designed for comfort, effectively relieving operator fatigue during long working hours. Equipped with comprehensive safety protection systems, it provides reliable safeguards for operators and on-site property. It also has strong durability and simple daily maintenance, minimizing work downtime. With efficient performance, it improves construction efficiency and reduces operational costs, making it a cost-effective and trustworthy choice for medium-heavy lifting needs.<\/div>\n<\/div>","protected":false},"featured_media":11511,"template":"","meta":{"_acf_changed":false,"site-sidebar-layout":"default","site-content-layout":"","ast-site-content-layout":"default","site-content-style":"default","site-sidebar-style":"default","ast-global-header-display":"","ast-banner-title-visibility":"","ast-main-header-display":"","ast-hfb-above-header-display":"","ast-hfb-below-header-display":"","ast-hfb-mobile-header-display":"","site-post-title":"","ast-breadcrumbs-content":"","ast-featured-img":"","footer-sml-layout":"","theme-transparent-header-meta":"default","adv-header-id-meta":"","stick-header-meta":"","header-above-stick-meta":"","header-main-stick-meta":"","header-below-stick-meta":"","astra-migrate-meta-layouts":"set","ast-page-background-enabled":"default","ast-page-background-meta":{"desktop":{"background-color":"var(--ast-global-color-4)","background-image":"","background-repeat":"repeat","background-position":"center center","background-size":"auto","background-attachment":"scroll","background-type":"","background-media":"","overlay-type":"","overlay-color":"","overlay-opacity":"","overlay-gradient":""},"tablet":{"background-color":"","background-image":"","background-repeat":"repeat","background-position":"center center","background-size":"auto","background-attachment":"scroll","background-type":"","background-media":"","overlay-type":"","overlay-color":"","overlay-opacity":"","overlay-gradient":""},"mobile":{"background-color":"","background-image":"","background-repeat":"repeat","background-position":"center center","background-size":"auto","background-attachment":"scroll","background-type":"","background-media":"","overlay-type":"","overlay-color":"","overlay-opacity":"","overlay-gradient":""}},"ast-content-background-meta":{"desktop":{"background-color":"var(--ast-global-color-5)","background-image":"","background-repeat":"repeat","background-position":"center center","background-size":"auto","background-attachment":"scroll","background-type":"","background-media":"","overlay-type":"","overlay-color":"","overlay-opacity":"","overlay-gradient":""},"tablet":{"background-color":"var(--ast-global-color-5)","background-image":"","background-repeat":"repeat","background-position":"center center","background-size":"auto","background-attachment":"scroll","background-type":"","background-media":"","overlay-type":"","overlay-color":"","overlay-opacity":"","overlay-gradient":""},"mobile":{"background-color":"var(--ast-global-color-5)","background-image":"","background-repeat":"repeat","background-position":"center center","background-size":"auto","background-attachment":"scroll","background-type":"","background-media":"","overlay-type":"","overlay-color":"","overlay-opacity":"","overlay-gradient":""}}},"product_cat":[85],"product_tag":[103,100,104],"class_list":{"0":"post-11507","1":"product","2":"type-product","3":"status-publish","4":"has-post-thumbnail","6":"product_cat-crane","7":"product_tag-truck-crane","8":"product_tag-used-crane","9":"product_tag-xcmg-crane","10":"desktop-align-left","11":"tablet-align-left","12":"mobile-align-left","14":"first","15":"instock","16":"shipping-taxable","17":"product-type-simple"},"acf":[],"yoast_head":"<!-- This site is optimized with the Yoast SEO plugin v23.7 - https:\/\/yoast.com\/wordpress\/plugins\/seo\/ -->\n<title>Used XCMG 25-ton truck crane - Anhui Chuangyang Construction Machinery Co., Ltd.<\/title>\n<meta name=\"description\" content=\"The XCMG 25 crane is a reliable and versatile lifting equipment, suitable for various construction scenarios such as urban construction, infrastructure and equipment installation.\" \/>\n<meta name=\"robots\" content=\"noindex, follow, max-snippet:-1, max-image-preview:large, max-video-preview:-1\" \/>\n<meta property=\"og:locale\" content=\"fr_FR\" \/>\n<meta property=\"og:type\" content=\"article\" \/>\n<meta property=\"og:title\" content=\"Used XCMG 25-ton truck crane - Anhui Chuangyang Construction Machinery Co., Ltd.\" \/>\n<meta property=\"og:description\" content=\"The XCMG 25 crane is a reliable and versatile lifting equipment, suitable for various construction scenarios such as urban construction, infrastructure and equipment installation.\" \/>\n<meta property=\"og:url\" content=\"https:\/\/www.chuangyangmachinery.com\/fr\/product\/used-xcmg-25-ton-truck-crane\/\" \/>\n<meta property=\"og:site_name\" content=\"Anhui Chuangyang Construction Machinery Co., Ltd.\" \/>\n<meta property=\"og:image\" content=\"https:\/\/www.chuangyangmachinery.com\/wp-content\/uploads\/2026\/03\/WechatIMG117_WH_800x800px.webp\" \/>\n\t<meta property=\"og:image:width\" content=\"800\" \/>\n\t<meta property=\"og:image:height\" content=\"800\" \/>\n\t<meta property=\"og:image:type\" content=\"image\/webp\" \/>\n<meta name=\"twitter:card\" content=\"summary_large_image\" \/>\n<meta name=\"twitter:label1\" content=\"Est. reading time\" \/>\n\t<meta name=\"twitter:data1\" content=\"1 minute\" \/>\n<script type=\"application\/ld+json\" class=\"yoast-schema-graph\">{\"@context\":\"https:\/\/schema.org\",\"@graph\":[{\"@type\":\"WebPage\",\"@id\":\"https:\/\/www.chuangyangmachinery.com\/product\/used-xcmg-25-ton-truck-crane\/\",\"url\":\"https:\/\/www.chuangyangmachinery.com\/product\/used-xcmg-25-ton-truck-crane\/\",\"name\":\"Used XCMG 25-ton truck crane - Anhui Chuangyang Construction Machinery Co., Ltd.\",\"isPartOf\":{\"@id\":\"https:\/\/www.chuangyangmachinery.com\/#website\"},\"primaryImageOfPage\":{\"@id\":\"https:\/\/www.chuangyangmachinery.com\/product\/used-xcmg-25-ton-truck-crane\/#primaryimage\"},\"image\":{\"@id\":\"https:\/\/www.chuangyangmachinery.com\/product\/used-xcmg-25-ton-truck-crane\/#primaryimage\"},\"thumbnailUrl\":\"https:\/\/www.chuangyangmachinery.com\/wp-content\/uploads\/2026\/03\/WechatIMG117_WH_800x800px.webp\",\"datePublished\":\"2026-03-13T03:45:26+00:00\",\"dateModified\":\"2026-03-13T03:45:26+00:00\",\"description\":\"The XCMG 25 crane is a reliable and versatile lifting equipment, suitable for various construction scenarios such as urban construction, infrastructure and equipment installation.\",\"breadcrumb\":{\"@id\":\"https:\/\/www.chuangyangmachinery.com\/product\/used-xcmg-25-ton-truck-crane\/#breadcrumb\"},\"inLanguage\":\"fr-FR\",\"potentialAction\":[{\"@type\":\"ReadAction\",\"target\":[\"https:\/\/www.chuangyangmachinery.com\/product\/used-xcmg-25-ton-truck-crane\/\"]}]},{\"@type\":\"ImageObject\",\"inLanguage\":\"fr-FR\",\"@id\":\"https:\/\/www.chuangyangmachinery.com\/product\/used-xcmg-25-ton-truck-crane\/#primaryimage\",\"url\":\"https:\/\/www.chuangyangmachinery.com\/wp-content\/uploads\/2026\/03\/WechatIMG117_WH_800x800px.webp\",\"contentUrl\":\"https:\/\/www.chuangyangmachinery.com\/wp-content\/uploads\/2026\/03\/WechatIMG117_WH_800x800px.webp\",\"width\":800,\"height\":800},{\"@type\":\"BreadcrumbList\",\"@id\":\"https:\/\/www.chuangyangmachinery.com\/product\/used-xcmg-25-ton-truck-crane\/#breadcrumb\",\"itemListElement\":[{\"@type\":\"ListItem\",\"position\":1,\"name\":\"Home\",\"item\":\"https:\/\/www.chuangyangmachinery.com\/\"},{\"@type\":\"ListItem\",\"position\":2,\"name\":\"Products\",\"item\":\"https:\/\/www.chuangyangmachinery.com\/products\/\"},{\"@type\":\"ListItem\",\"position\":3,\"name\":\"Used XCMG 25-ton truck crane\"}]},{\"@type\":\"WebSite\",\"@id\":\"https:\/\/www.chuangyangmachinery.com\/#website\",\"url\":\"https:\/\/www.chuangyangmachinery.com\/\",\"name\":\"Anhui Chuangyang Construction Machinery Co., Ltd.\",\"description\":\"\",\"publisher\":{\"@id\":\"https:\/\/www.chuangyangmachinery.com\/#organization\"},\"potentialAction\":[{\"@type\":\"SearchAction\",\"target\":{\"@type\":\"EntryPoint\",\"urlTemplate\":\"https:\/\/www.chuangyangmachinery.com\/?s={search_term_string}\"},\"query-input\":{\"@type\":\"PropertyValueSpecification\",\"valueRequired\":true,\"valueName\":\"search_term_string\"}}],\"inLanguage\":\"fr-FR\"},{\"@type\":\"Organization\",\"@id\":\"https:\/\/www.chuangyangmachinery.com\/#organization\",\"name\":\"Anhui Chuangyang Construction Machinery Co., Ltd.\",\"url\":\"https:\/\/www.chuangyangmachinery.com\/\",\"logo\":{\"@type\":\"ImageObject\",\"inLanguage\":\"fr-FR\",\"@id\":\"https:\/\/www.chuangyangmachinery.com\/#\/schema\/logo\/image\/\",\"url\":\"https:\/\/www.chuangyangmachinery.com\/wp-content\/uploads\/2026\/03\/cropped-chuangyang-logo.png\",\"contentUrl\":\"https:\/\/www.chuangyangmachinery.com\/wp-content\/uploads\/2026\/03\/cropped-chuangyang-logo.png\",\"width\":512,\"height\":512,\"caption\":\"Anhui Chuangyang Construction Machinery Co., Ltd.\"},\"image\":{\"@id\":\"https:\/\/www.chuangyangmachinery.com\/#\/schema\/logo\/image\/\"}}]}<\/script>\n<!-- \/ Yoast SEO plugin. -->","yoast_head_json":{"title":"Used XCMG 25-ton truck crane - Anhui Chuangyang Construction Machinery Co., Ltd.","description":"The XCMG 25 crane is a reliable and versatile lifting equipment, suitable for various construction scenarios such as urban construction, infrastructure and equipment installation.","robots":{"index":"noindex","follow":"follow","max-snippet":"max-snippet:-1","max-image-preview":"max-image-preview:large","max-video-preview":"max-video-preview:-1"},"og_locale":"fr_FR","og_type":"article","og_title":"Used XCMG 25-ton truck crane - Anhui Chuangyang Construction Machinery Co., Ltd.","og_description":"The XCMG 25 crane is a reliable and versatile lifting equipment, suitable for various construction scenarios such as urban construction, infrastructure and equipment installation.","og_url":"https:\/\/www.chuangyangmachinery.com\/fr\/product\/used-xcmg-25-ton-truck-crane\/","og_site_name":"Anhui Chuangyang Construction Machinery Co., Ltd.","og_image":[{"width":800,"height":800,"url":"https:\/\/www.chuangyangmachinery.com\/wp-content\/uploads\/2026\/03\/WechatIMG117_WH_800x800px.webp","type":"image\/webp"}],"twitter_card":"summary_large_image","twitter_misc":{"Est. reading time":"1 minute"},"schema":{"@context":"https:\/\/schema.org","@graph":[{"@type":"WebPage","@id":"https:\/\/www.chuangyangmachinery.com\/product\/used-xcmg-25-ton-truck-crane\/","url":"https:\/\/www.chuangyangmachinery.com\/product\/used-xcmg-25-ton-truck-crane\/","name":"Used XCMG 25-ton truck crane - Anhui Chuangyang Construction Machinery Co., Ltd.","isPartOf":{"@id":"https:\/\/www.chuangyangmachinery.com\/#website"},"primaryImageOfPage":{"@id":"https:\/\/www.chuangyangmachinery.com\/product\/used-xcmg-25-ton-truck-crane\/#primaryimage"},"image":{"@id":"https:\/\/www.chuangyangmachinery.com\/product\/used-xcmg-25-ton-truck-crane\/#primaryimage"},"thumbnailUrl":"https:\/\/www.chuangyangmachinery.com\/wp-content\/uploads\/2026\/03\/WechatIMG117_WH_800x800px.webp","datePublished":"2026-03-13T03:45:26+00:00","dateModified":"2026-03-13T03:45:26+00:00","description":"The XCMG 25 crane is a reliable and versatile lifting equipment, suitable for various construction scenarios such as urban construction, infrastructure and equipment installation.","breadcrumb":{"@id":"https:\/\/www.chuangyangmachinery.com\/product\/used-xcmg-25-ton-truck-crane\/#breadcrumb"},"inLanguage":"fr-FR","potentialAction":[{"@type":"ReadAction","target":["https:\/\/www.chuangyangmachinery.com\/product\/used-xcmg-25-ton-truck-crane\/"]}]},{"@type":"ImageObject","inLanguage":"fr-FR","@id":"https:\/\/www.chuangyangmachinery.com\/product\/used-xcmg-25-ton-truck-crane\/#primaryimage","url":"https:\/\/www.chuangyangmachinery.com\/wp-content\/uploads\/2026\/03\/WechatIMG117_WH_800x800px.webp","contentUrl":"https:\/\/www.chuangyangmachinery.com\/wp-content\/uploads\/2026\/03\/WechatIMG117_WH_800x800px.webp","width":800,"height":800},{"@type":"BreadcrumbList","@id":"https:\/\/www.chuangyangmachinery.com\/product\/used-xcmg-25-ton-truck-crane\/#breadcrumb","itemListElement":[{"@type":"ListItem","position":1,"name":"Home","item":"https:\/\/www.chuangyangmachinery.com\/"},{"@type":"ListItem","position":2,"name":"Products","item":"https:\/\/www.chuangyangmachinery.com\/products\/"},{"@type":"ListItem","position":3,"name":"Used XCMG 25-ton truck crane"}]},{"@type":"WebSite","@id":"https:\/\/www.chuangyangmachinery.com\/#website","url":"https:\/\/www.chuangyangmachinery.com\/","name":"Anhui Chuangyang Construction Machinery Co, Ltd.","description":"","publisher":{"@id":"https:\/\/www.chuangyangmachinery.com\/#organization"},"potentialAction":[{"@type":"SearchAction","target":{"@type":"EntryPoint","urlTemplate":"https:\/\/www.chuangyangmachinery.com\/?s={search_term_string}"},"query-input":{"@type":"PropertyValueSpecification","valueRequired":true,"valueName":"search_term_string"}}],"inLanguage":"fr-FR"},{"@type":"Organization","@id":"https:\/\/www.chuangyangmachinery.com\/#organization","name":"Anhui Chuangyang Construction Machinery Co, Ltd.","url":"https:\/\/www.chuangyangmachinery.com\/","logo":{"@type":"ImageObject","inLanguage":"fr-FR","@id":"https:\/\/www.chuangyangmachinery.com\/#\/schema\/logo\/image\/","url":"https:\/\/www.chuangyangmachinery.com\/wp-content\/uploads\/2026\/03\/cropped-chuangyang-logo.png","contentUrl":"https:\/\/www.chuangyangmachinery.com\/wp-content\/uploads\/2026\/03\/cropped-chuangyang-logo.png","width":512,"height":512,"caption":"Anhui Chuangyang Construction Machinery Co., Ltd."},"image":{"@id":"https:\/\/www.chuangyangmachinery.com\/#\/schema\/logo\/image\/"}}]}},"_links":{"self":[{"href":"https:\/\/www.chuangyangmachinery.com\/fr\/wp-json\/wp\/v2\/product\/11507"}],"collection":[{"href":"https:\/\/www.chuangyangmachinery.com\/fr\/wp-json\/wp\/v2\/product"}],"about":[{"href":"https:\/\/www.chuangyangmachinery.com\/fr\/wp-json\/wp\/v2\/types\/product"}],"version-history":[{"count":1,"href":"https:\/\/www.chuangyangmachinery.com\/fr\/wp-json\/wp\/v2\/product\/11507\/revisions"}],"predecessor-version":[{"id":11514,"href":"https:\/\/www.chuangyangmachinery.com\/fr\/wp-json\/wp\/v2\/product\/11507\/revisions\/11514"}],"wp:featuredmedia":[{"embeddable":true,"href":"https:\/\/www.chuangyangmachinery.com\/fr\/wp-json\/wp\/v2\/media\/11511"}],"wp:attachment":[{"href":"https:\/\/www.chuangyangmachinery.com\/fr\/wp-json\/wp\/v2\/media?parent=11507"}],"wp:term":[{"taxonomy":"product_cat","embeddable":true,"href":"https:\/\/www.chuangyangmachinery.com\/fr\/wp-json\/wp\/v2\/product_cat?post=11507"},{"taxonomy":"product_tag","embeddable":true,"href":"https:\/\/www.chuangyangmachinery.com\/fr\/wp-json\/wp\/v2\/product_tag?post=11507"}],"curies":[{"name":"wp","href":"https:\/\/api.w.org\/{rel}","templated":true}]}}