{"id":6496,"date":"2024-10-28T15:25:23","date_gmt":"2024-10-28T15:25:23","guid":{"rendered":"https:\/\/chuangyangmachinery.com\/product\/used-xcmg-xs203je\/"},"modified":"2026-04-03T09:26:29","modified_gmt":"2026-04-03T01:26:29","slug":"used-xcmg-xs203je","status":"publish","type":"product","link":"https:\/\/www.chuangyangmachinery.com\/pt\/product\/used-xcmg-xs203je\/","title":{"rendered":"Used XCMG XS203JE"},"content":{"rendered":"<p>* Temos uma forte equipa de mec\u00e2nicos para garantir que todas as m\u00e1quinas sejam bem mantidas, de alta qualidade e com desconto.<br \/>\n* All parts are well-maintenanced, best quality and can be inspected.<br \/>\n* Pouco tempo de trabalho, barato e de alta qualidade.<br \/>\n* Pe\u00e7as de substitui\u00e7\u00e3o dispon\u00edveis, a melhor m\u00e1quina de trabalho para si.<br \/>\n* Fornecemos quase todos os tipos de m\u00e1quinas de constru\u00e7\u00e3o usadas em boas condi\u00e7\u00f5es e a baixo pre\u00e7o.<\/p>","protected":false},"excerpt":{"rendered":"<div data-page-id=\"DpKmfHBLEdDFY8cC8SncmNP3nTc\" data-lark-html-role=\"root\" data-docx-has-block-data=\"false\">\n<div class=\"ace-line ace-line old-record-id-TX8EfTdkmd4XRkcRWSLcz2MYnIb\">The XCMG XS203JE road roller boasts outstanding advantages for construction projects. It delivers powerful compaction performance, ensuring high efficiency and uniform compaction quality to meet various construction requirements. With an energy-saving design, it operates efficiently while reducing energy consumption and noise. Its user-friendly operation and comfortable cab design minimize operator fatigue and improve work efficiency. The machine features excellent stability and reliability, with a durable structure for long service life. It is easy to maintain due to its modular design and accessible components, and its wide applicability makes it suitable for diverse compaction scenarios, providing reliable support for construction work.<\/div>\n<\/div>","protected":false},"featured_media":9249,"template":"","meta":{"_acf_changed":false,"site-sidebar-layout":"default","site-content-layout":"","ast-site-content-layout":"default","site-content-style":"default","site-sidebar-style":"default","ast-global-header-display":"","ast-banner-title-visibility":"","ast-main-header-display":"","ast-hfb-above-header-display":"","ast-hfb-below-header-display":"","ast-hfb-mobile-header-display":"","site-post-title":"","ast-breadcrumbs-content":"","ast-featured-img":"","footer-sml-layout":"","theme-transparent-header-meta":"default","adv-header-id-meta":"","stick-header-meta":"","header-above-stick-meta":"","header-main-stick-meta":"","header-below-stick-meta":"","astra-migrate-meta-layouts":"set","ast-page-background-enabled":"default","ast-page-background-meta":{"desktop":{"background-color":"var(--ast-global-color-4)","background-image":"","background-repeat":"repeat","background-position":"center center","background-size":"auto","background-attachment":"scroll","background-type":"","background-media":"","overlay-type":"","overlay-color":"","overlay-opacity":"","overlay-gradient":""},"tablet":{"background-color":"","background-image":"","background-repeat":"repeat","background-position":"center center","background-size":"auto","background-attachment":"scroll","background-type":"","background-media":"","overlay-type":"","overlay-color":"","overlay-opacity":"","overlay-gradient":""},"mobile":{"background-color":"","background-image":"","background-repeat":"repeat","background-position":"center center","background-size":"auto","background-attachment":"scroll","background-type":"","background-media":"","overlay-type":"","overlay-color":"","overlay-opacity":"","overlay-gradient":""}},"ast-content-background-meta":{"desktop":{"background-color":"var(--ast-global-color-5)","background-image":"","background-repeat":"repeat","background-position":"center center","background-size":"auto","background-attachment":"scroll","background-type":"","background-media":"","overlay-type":"","overlay-color":"","overlay-opacity":"","overlay-gradient":""},"tablet":{"background-color":"var(--ast-global-color-5)","background-image":"","background-repeat":"repeat","background-position":"center center","background-size":"auto","background-attachment":"scroll","background-type":"","background-media":"","overlay-type":"","overlay-color":"","overlay-opacity":"","overlay-gradient":""},"mobile":{"background-color":"var(--ast-global-color-5)","background-image":"","background-repeat":"repeat","background-position":"center center","background-size":"auto","background-attachment":"scroll","background-type":"","background-media":"","overlay-type":"","overlay-color":"","overlay-opacity":"","overlay-gradient":""}}},"product_cat":[73],"product_tag":[128,126,127],"class_list":{"0":"post-6496","1":"product","2":"type-product","3":"status-publish","4":"has-post-thumbnail","6":"product_cat-roller","7":"product_tag-road-roller","8":"product_tag-used-roller","9":"product_tag-xcmg-roller","10":"desktop-align-left","11":"tablet-align-left","12":"mobile-align-left","14":"first","15":"instock","16":"product-type-simple"},"acf":[],"yoast_head":"<!-- This site is optimized with the Yoast SEO plugin v23.7 - https:\/\/yoast.com\/wordpress\/plugins\/seo\/ -->\n<title>Used XCMG XS203JE - Anhui Chuangyang Construction Machinery Co., Ltd.<\/title>\n<meta name=\"description\" content=\"The XCMG XS203JE road roller boasts outstanding advantages for construction projects.\" \/>\n<meta name=\"robots\" content=\"noindex, follow, max-snippet:-1, max-image-preview:large, max-video-preview:-1\" \/>\n<meta property=\"og:locale\" content=\"pt_PT\" \/>\n<meta property=\"og:type\" content=\"article\" \/>\n<meta property=\"og:title\" content=\"Used XCMG XS203JE - Anhui Chuangyang Construction Machinery Co., Ltd.\" \/>\n<meta property=\"og:description\" content=\"The XCMG XS203JE road roller boasts outstanding advantages for construction projects.\" \/>\n<meta property=\"og:url\" content=\"https:\/\/www.chuangyangmachinery.com\/pt\/product\/used-xcmg-xs203je\/\" \/>\n<meta property=\"og:site_name\" content=\"Anhui Chuangyang Construction Machinery Co., Ltd.\" \/>\n<meta property=\"article:modified_time\" content=\"2026-04-03T01:26:29+00:00\" \/>\n<meta property=\"og:image\" content=\"https:\/\/www.chuangyangmachinery.com\/wp-content\/uploads\/2024\/10\/\u5fae\u4fe1\u56fe\u7247_20241112152641-1.jpg\" \/>\n\t<meta property=\"og:image:width\" content=\"1440\" \/>\n\t<meta property=\"og:image:height\" content=\"1080\" \/>\n\t<meta property=\"og:image:type\" content=\"image\/jpeg\" \/>\n<meta name=\"twitter:card\" content=\"summary_large_image\" \/>\n<meta name=\"twitter:label1\" content=\"Est. reading time\" \/>\n\t<meta name=\"twitter:data1\" content=\"1 minuto\" \/>\n<script type=\"application\/ld+json\" class=\"yoast-schema-graph\">{\"@context\":\"https:\/\/schema.org\",\"@graph\":[{\"@type\":\"WebPage\",\"@id\":\"https:\/\/www.chuangyangmachinery.com\/product\/used-xcmg-xs203je\/\",\"url\":\"https:\/\/www.chuangyangmachinery.com\/product\/used-xcmg-xs203je\/\",\"name\":\"Used XCMG XS203JE - Anhui Chuangyang Construction Machinery Co., Ltd.\",\"isPartOf\":{\"@id\":\"https:\/\/www.chuangyangmachinery.com\/#website\"},\"primaryImageOfPage\":{\"@id\":\"https:\/\/www.chuangyangmachinery.com\/product\/used-xcmg-xs203je\/#primaryimage\"},\"image\":{\"@id\":\"https:\/\/www.chuangyangmachinery.com\/product\/used-xcmg-xs203je\/#primaryimage\"},\"thumbnailUrl\":\"https:\/\/www.chuangyangmachinery.com\/wp-content\/uploads\/2024\/10\/\u5fae\u4fe1\u56fe\u7247_20241112152641-1.jpg\",\"datePublished\":\"2024-10-28T15:25:23+00:00\",\"dateModified\":\"2026-04-03T01:26:29+00:00\",\"description\":\"The XCMG XS203JE road roller boasts outstanding advantages for construction projects.\",\"breadcrumb\":{\"@id\":\"https:\/\/www.chuangyangmachinery.com\/product\/used-xcmg-xs203je\/#breadcrumb\"},\"inLanguage\":\"pt-PT\",\"potentialAction\":[{\"@type\":\"ReadAction\",\"target\":[\"https:\/\/www.chuangyangmachinery.com\/product\/used-xcmg-xs203je\/\"]}]},{\"@type\":\"ImageObject\",\"inLanguage\":\"pt-PT\",\"@id\":\"https:\/\/www.chuangyangmachinery.com\/product\/used-xcmg-xs203je\/#primaryimage\",\"url\":\"https:\/\/www.chuangyangmachinery.com\/wp-content\/uploads\/2024\/10\/\u5fae\u4fe1\u56fe\u7247_20241112152641-1.jpg\",\"contentUrl\":\"https:\/\/www.chuangyangmachinery.com\/wp-content\/uploads\/2024\/10\/\u5fae\u4fe1\u56fe\u7247_20241112152641-1.jpg\",\"width\":1440,\"height\":1080},{\"@type\":\"BreadcrumbList\",\"@id\":\"https:\/\/www.chuangyangmachinery.com\/product\/used-xcmg-xs203je\/#breadcrumb\",\"itemListElement\":[{\"@type\":\"ListItem\",\"position\":1,\"name\":\"Home\",\"item\":\"https:\/\/www.chuangyangmachinery.com\/\"},{\"@type\":\"ListItem\",\"position\":2,\"name\":\"Products\",\"item\":\"https:\/\/www.chuangyangmachinery.com\/products\/\"},{\"@type\":\"ListItem\",\"position\":3,\"name\":\"Used XCMG XS203JE\"}]},{\"@type\":\"WebSite\",\"@id\":\"https:\/\/www.chuangyangmachinery.com\/#website\",\"url\":\"https:\/\/www.chuangyangmachinery.com\/\",\"name\":\"Anhui Chuangyang Construction Machinery Co., Ltd.\",\"description\":\"\",\"publisher\":{\"@id\":\"https:\/\/www.chuangyangmachinery.com\/#organization\"},\"potentialAction\":[{\"@type\":\"SearchAction\",\"target\":{\"@type\":\"EntryPoint\",\"urlTemplate\":\"https:\/\/www.chuangyangmachinery.com\/?s={search_term_string}\"},\"query-input\":{\"@type\":\"PropertyValueSpecification\",\"valueRequired\":true,\"valueName\":\"search_term_string\"}}],\"inLanguage\":\"pt-PT\"},{\"@type\":\"Organization\",\"@id\":\"https:\/\/www.chuangyangmachinery.com\/#organization\",\"name\":\"Anhui Chuangyang Construction Machinery Co., Ltd.\",\"url\":\"https:\/\/www.chuangyangmachinery.com\/\",\"logo\":{\"@type\":\"ImageObject\",\"inLanguage\":\"pt-PT\",\"@id\":\"https:\/\/www.chuangyangmachinery.com\/#\/schema\/logo\/image\/\",\"url\":\"https:\/\/www.chuangyangmachinery.com\/wp-content\/uploads\/2026\/03\/cropped-chuangyang-logo.png\",\"contentUrl\":\"https:\/\/www.chuangyangmachinery.com\/wp-content\/uploads\/2026\/03\/cropped-chuangyang-logo.png\",\"width\":512,\"height\":512,\"caption\":\"Anhui Chuangyang Construction Machinery Co., Ltd.\"},\"image\":{\"@id\":\"https:\/\/www.chuangyangmachinery.com\/#\/schema\/logo\/image\/\"}}]}<\/script>\n<!-- \/ Yoast SEO plugin. -->","yoast_head_json":{"title":"Used XCMG XS203JE - Anhui Chuangyang Construction Machinery Co., Ltd.","description":"The XCMG XS203JE road roller boasts outstanding advantages for construction projects.","robots":{"index":"noindex","follow":"follow","max-snippet":"max-snippet:-1","max-image-preview":"max-image-preview:large","max-video-preview":"max-video-preview:-1"},"og_locale":"pt_PT","og_type":"article","og_title":"Used XCMG XS203JE - Anhui Chuangyang Construction Machinery Co., Ltd.","og_description":"The XCMG XS203JE road roller boasts outstanding advantages for construction projects.","og_url":"https:\/\/www.chuangyangmachinery.com\/pt\/product\/used-xcmg-xs203je\/","og_site_name":"Anhui Chuangyang Construction Machinery Co., Ltd.","article_modified_time":"2026-04-03T01:26:29+00:00","og_image":[{"width":1440,"height":1080,"url":"https:\/\/www.chuangyangmachinery.com\/wp-content\/uploads\/2024\/10\/\u5fae\u4fe1\u56fe\u7247_20241112152641-1.jpg","type":"image\/jpeg"}],"twitter_card":"summary_large_image","twitter_misc":{"Est. reading time":"1 minuto"},"schema":{"@context":"https:\/\/schema.org","@graph":[{"@type":"WebPage","@id":"https:\/\/www.chuangyangmachinery.com\/product\/used-xcmg-xs203je\/","url":"https:\/\/www.chuangyangmachinery.com\/product\/used-xcmg-xs203je\/","name":"Used XCMG XS203JE - Anhui Chuangyang Construction Machinery Co., Ltd.","isPartOf":{"@id":"https:\/\/www.chuangyangmachinery.com\/#website"},"primaryImageOfPage":{"@id":"https:\/\/www.chuangyangmachinery.com\/product\/used-xcmg-xs203je\/#primaryimage"},"image":{"@id":"https:\/\/www.chuangyangmachinery.com\/product\/used-xcmg-xs203je\/#primaryimage"},"thumbnailUrl":"https:\/\/www.chuangyangmachinery.com\/wp-content\/uploads\/2024\/10\/\u5fae\u4fe1\u56fe\u7247_20241112152641-1.jpg","datePublished":"2024-10-28T15:25:23+00:00","dateModified":"2026-04-03T01:26:29+00:00","description":"The XCMG XS203JE road roller boasts outstanding advantages for construction projects.","breadcrumb":{"@id":"https:\/\/www.chuangyangmachinery.com\/product\/used-xcmg-xs203je\/#breadcrumb"},"inLanguage":"pt-PT","potentialAction":[{"@type":"ReadAction","target":["https:\/\/www.chuangyangmachinery.com\/product\/used-xcmg-xs203je\/"]}]},{"@type":"ImageObject","inLanguage":"pt-PT","@id":"https:\/\/www.chuangyangmachinery.com\/product\/used-xcmg-xs203je\/#primaryimage","url":"https:\/\/www.chuangyangmachinery.com\/wp-content\/uploads\/2024\/10\/\u5fae\u4fe1\u56fe\u7247_20241112152641-1.jpg","contentUrl":"https:\/\/www.chuangyangmachinery.com\/wp-content\/uploads\/2024\/10\/\u5fae\u4fe1\u56fe\u7247_20241112152641-1.jpg","width":1440,"height":1080},{"@type":"BreadcrumbList","@id":"https:\/\/www.chuangyangmachinery.com\/product\/used-xcmg-xs203je\/#breadcrumb","itemListElement":[{"@type":"ListItem","position":1,"name":"Home","item":"https:\/\/www.chuangyangmachinery.com\/"},{"@type":"ListItem","position":2,"name":"Products","item":"https:\/\/www.chuangyangmachinery.com\/products\/"},{"@type":"ListItem","position":3,"name":"Used XCMG XS203JE"}]},{"@type":"WebSite","@id":"https:\/\/www.chuangyangmachinery.com\/#website","url":"https:\/\/www.chuangyangmachinery.com\/","name":"Anhui Chuangyang Construction Machinery Co., Ltd.","description":"","publisher":{"@id":"https:\/\/www.chuangyangmachinery.com\/#organization"},"potentialAction":[{"@type":"SearchAction","target":{"@type":"EntryPoint","urlTemplate":"https:\/\/www.chuangyangmachinery.com\/?s={search_term_string}"},"query-input":{"@type":"PropertyValueSpecification","valueRequired":true,"valueName":"search_term_string"}}],"inLanguage":"pt-PT"},{"@type":"Organization","@id":"https:\/\/www.chuangyangmachinery.com\/#organization","name":"Anhui Chuangyang Construction Machinery Co., Ltd.","url":"https:\/\/www.chuangyangmachinery.com\/","logo":{"@type":"ImageObject","inLanguage":"pt-PT","@id":"https:\/\/www.chuangyangmachinery.com\/#\/schema\/logo\/image\/","url":"https:\/\/www.chuangyangmachinery.com\/wp-content\/uploads\/2026\/03\/cropped-chuangyang-logo.png","contentUrl":"https:\/\/www.chuangyangmachinery.com\/wp-content\/uploads\/2026\/03\/cropped-chuangyang-logo.png","width":512,"height":512,"caption":"Anhui Chuangyang Construction Machinery Co., Ltd."},"image":{"@id":"https:\/\/www.chuangyangmachinery.com\/#\/schema\/logo\/image\/"}}]}},"_links":{"self":[{"href":"https:\/\/www.chuangyangmachinery.com\/pt\/wp-json\/wp\/v2\/product\/6496"}],"collection":[{"href":"https:\/\/www.chuangyangmachinery.com\/pt\/wp-json\/wp\/v2\/product"}],"about":[{"href":"https:\/\/www.chuangyangmachinery.com\/pt\/wp-json\/wp\/v2\/types\/product"}],"version-history":[{"count":4,"href":"https:\/\/www.chuangyangmachinery.com\/pt\/wp-json\/wp\/v2\/product\/6496\/revisions"}],"predecessor-version":[{"id":13334,"href":"https:\/\/www.chuangyangmachinery.com\/pt\/wp-json\/wp\/v2\/product\/6496\/revisions\/13334"}],"wp:featuredmedia":[{"embeddable":true,"href":"https:\/\/www.chuangyangmachinery.com\/pt\/wp-json\/wp\/v2\/media\/9249"}],"wp:attachment":[{"href":"https:\/\/www.chuangyangmachinery.com\/pt\/wp-json\/wp\/v2\/media?parent=6496"}],"wp:term":[{"taxonomy":"product_cat","embeddable":true,"href":"https:\/\/www.chuangyangmachinery.com\/pt\/wp-json\/wp\/v2\/product_cat?post=6496"},{"taxonomy":"product_tag","embeddable":true,"href":"https:\/\/www.chuangyangmachinery.com\/pt\/wp-json\/wp\/v2\/product_tag?post=6496"}],"curies":[{"name":"wp","href":"https:\/\/api.w.org\/{rel}","templated":true}]}}