{"id":9419,"date":"2024-11-13T07:01:22","date_gmt":"2024-11-13T07:01:22","guid":{"rendered":"https:\/\/chuangyangmachinery.com\/?post_type=product&#038;p=9419"},"modified":"2026-03-30T10:17:14","modified_gmt":"2026-03-30T02:17:14","slug":"used-volvo-ec250-excavator","status":"publish","type":"product","link":"https:\/\/www.chuangyangmachinery.com\/pt\/product\/used-volvo-ec250-excavator\/","title":{"rendered":"Used Volvo EC250 Excavator"},"content":{"rendered":"<p>* Temos uma forte equipa de mec\u00e2nicos para garantir que todas as m\u00e1quinas sejam bem mantidas, de alta qualidade e com desconto.<br \/>\n* Todas as pe\u00e7as est\u00e3o bem conservadas, s\u00e3o da melhor qualidade e podem ser inspeccionadas.<br \/>\n* Pouco tempo de trabalho, barato e de alta qualidade.<br \/>\n* Pe\u00e7as de substitui\u00e7\u00e3o dispon\u00edveis, a melhor m\u00e1quina de trabalho para si.<br \/>\n* Fornecemos quase todos os tipos de m\u00e1quinas de constru\u00e7\u00e3o usadas em boas condi\u00e7\u00f5es e a baixo pre\u00e7o.<\/p>","protected":false},"excerpt":{"rendered":"<div data-page-id=\"LniwfIJRAdwHGTcKWu8ckVmCnSh\" data-lark-html-role=\"root\" data-docx-has-block-data=\"false\">\n<div class=\"ace-line ace-line old-record-id-ELBsfswand3CrScpTsacOQNPnKd\">The Volvo 250 excavator boasts outstanding fuel efficiency, thanks to its advanced engine and intelligent electro-hydraulic system that reduces energy loss and optimizes fuel consumption significantly. It delivers excellent productivity with faster operation cycle times, precise control, and smooth movements, making complex digging tasks more efficient and effortless. The excavator features a safe and comfortable operator cab with superior visibility, anti-slip access, and ergonomic controls, minimizing operator fatigue during long working hours. It is highly reliable and durable, with a robust structure and longer maintenance intervals, reducing operational costs. Additionally, it offers flexible adaptability and comprehensive after-sales support, ensuring stable performance in various harsh working conditions.<\/div>\n<\/div>","protected":false},"featured_media":9426,"template":"","meta":{"_acf_changed":false,"site-sidebar-layout":"default","site-content-layout":"","ast-site-content-layout":"default","site-content-style":"default","site-sidebar-style":"default","ast-global-header-display":"","ast-banner-title-visibility":"","ast-main-header-display":"","ast-hfb-above-header-display":"","ast-hfb-below-header-display":"","ast-hfb-mobile-header-display":"","site-post-title":"","ast-breadcrumbs-content":"","ast-featured-img":"","footer-sml-layout":"","theme-transparent-header-meta":"default","adv-header-id-meta":"","stick-header-meta":"","header-above-stick-meta":"","header-main-stick-meta":"","header-below-stick-meta":"","astra-migrate-meta-layouts":"set","ast-page-background-enabled":"default","ast-page-background-meta":{"desktop":{"background-color":"var(--ast-global-color-4)","background-image":"","background-repeat":"repeat","background-position":"center center","background-size":"auto","background-attachment":"scroll","background-type":"","background-media":"","overlay-type":"","overlay-color":"","overlay-opacity":"","overlay-gradient":""},"tablet":{"background-color":"","background-image":"","background-repeat":"repeat","background-position":"center center","background-size":"auto","background-attachment":"scroll","background-type":"","background-media":"","overlay-type":"","overlay-color":"","overlay-opacity":"","overlay-gradient":""},"mobile":{"background-color":"","background-image":"","background-repeat":"repeat","background-position":"center center","background-size":"auto","background-attachment":"scroll","background-type":"","background-media":"","overlay-type":"","overlay-color":"","overlay-opacity":"","overlay-gradient":""}},"ast-content-background-meta":{"desktop":{"background-color":"var(--ast-global-color-5)","background-image":"","background-repeat":"repeat","background-position":"center center","background-size":"auto","background-attachment":"scroll","background-type":"","background-media":"","overlay-type":"","overlay-color":"","overlay-opacity":"","overlay-gradient":""},"tablet":{"background-color":"var(--ast-global-color-5)","background-image":"","background-repeat":"repeat","background-position":"center center","background-size":"auto","background-attachment":"scroll","background-type":"","background-media":"","overlay-type":"","overlay-color":"","overlay-opacity":"","overlay-gradient":""},"mobile":{"background-color":"var(--ast-global-color-5)","background-image":"","background-repeat":"repeat","background-position":"center center","background-size":"auto","background-attachment":"scroll","background-type":"","background-media":"","overlay-type":"","overlay-color":"","overlay-opacity":"","overlay-gradient":""}}},"product_cat":[81,66],"product_tag":[88,78,107],"class_list":{"0":"post-9419","1":"product","2":"type-product","3":"status-publish","4":"has-post-thumbnail","6":"product_cat-excavator","7":"product_cat-volvo","8":"product_tag-crawler-excavator","9":"product_tag-used-excavator","10":"product_tag-volvo-excavator","11":"desktop-align-left","12":"tablet-align-left","13":"mobile-align-left","15":"first","16":"instock","17":"shipping-taxable","18":"product-type-simple"},"acf":[],"yoast_head":"<!-- This site is optimized with the Yoast SEO plugin v23.7 - https:\/\/yoast.com\/wordpress\/plugins\/seo\/ -->\n<title>Used Volvo EC250 Excavator - Anhui Chuangyang Construction Machinery Co., Ltd.<\/title>\n<meta name=\"description\" content=\"The Volvo 250 excavator boasts outstanding fuel efficiency, thanks to its advanced engine and intelligent electro-hydraulic system that reduces energy loss and optimizes fuel consumption significantly.\" \/>\n<meta name=\"robots\" content=\"noindex, follow, max-snippet:-1, max-image-preview:large, max-video-preview:-1\" \/>\n<meta property=\"og:locale\" content=\"pt_PT\" \/>\n<meta property=\"og:type\" content=\"article\" \/>\n<meta property=\"og:title\" content=\"Used Volvo EC250 Excavator - Anhui Chuangyang Construction Machinery Co., Ltd.\" \/>\n<meta property=\"og:description\" content=\"The Volvo 250 excavator boasts outstanding fuel efficiency, thanks to its advanced engine and intelligent electro-hydraulic system that reduces energy loss and optimizes fuel consumption significantly.\" \/>\n<meta property=\"og:url\" content=\"https:\/\/www.chuangyangmachinery.com\/pt\/product\/used-volvo-ec250-excavator\/\" \/>\n<meta property=\"og:site_name\" content=\"Anhui Chuangyang Construction Machinery Co., Ltd.\" \/>\n<meta property=\"article:modified_time\" content=\"2026-03-30T02:17:14+00:00\" \/>\n<meta property=\"og:image\" content=\"https:\/\/www.chuangyangmachinery.com\/wp-content\/uploads\/2024\/11\/IMG_20241024_140853-scaled.jpg\" \/>\n\t<meta property=\"og:image:width\" content=\"1920\" \/>\n\t<meta property=\"og:image:height\" content=\"2560\" \/>\n\t<meta property=\"og:image:type\" content=\"image\/jpeg\" \/>\n<meta name=\"twitter:card\" content=\"summary_large_image\" \/>\n<meta name=\"twitter:label1\" content=\"Est. reading time\" \/>\n\t<meta name=\"twitter:data1\" content=\"1 minuto\" \/>\n<script type=\"application\/ld+json\" class=\"yoast-schema-graph\">{\"@context\":\"https:\/\/schema.org\",\"@graph\":[{\"@type\":\"WebPage\",\"@id\":\"https:\/\/www.chuangyangmachinery.com\/product\/used-volvo-ec250-excavator\/\",\"url\":\"https:\/\/www.chuangyangmachinery.com\/product\/used-volvo-ec250-excavator\/\",\"name\":\"Used Volvo EC250 Excavator - Anhui Chuangyang Construction Machinery Co., Ltd.\",\"isPartOf\":{\"@id\":\"https:\/\/www.chuangyangmachinery.com\/#website\"},\"primaryImageOfPage\":{\"@id\":\"https:\/\/www.chuangyangmachinery.com\/product\/used-volvo-ec250-excavator\/#primaryimage\"},\"image\":{\"@id\":\"https:\/\/www.chuangyangmachinery.com\/product\/used-volvo-ec250-excavator\/#primaryimage\"},\"thumbnailUrl\":\"https:\/\/www.chuangyangmachinery.com\/wp-content\/uploads\/2024\/11\/IMG_20241024_140853-scaled.jpg\",\"datePublished\":\"2024-11-13T07:01:22+00:00\",\"dateModified\":\"2026-03-30T02:17:14+00:00\",\"description\":\"The Volvo 250 excavator boasts outstanding fuel efficiency, thanks to its advanced engine and intelligent electro-hydraulic system that reduces energy loss and optimizes fuel consumption significantly.\",\"breadcrumb\":{\"@id\":\"https:\/\/www.chuangyangmachinery.com\/product\/used-volvo-ec250-excavator\/#breadcrumb\"},\"inLanguage\":\"pt-PT\",\"potentialAction\":[{\"@type\":\"ReadAction\",\"target\":[\"https:\/\/www.chuangyangmachinery.com\/product\/used-volvo-ec250-excavator\/\"]}]},{\"@type\":\"ImageObject\",\"inLanguage\":\"pt-PT\",\"@id\":\"https:\/\/www.chuangyangmachinery.com\/product\/used-volvo-ec250-excavator\/#primaryimage\",\"url\":\"https:\/\/www.chuangyangmachinery.com\/wp-content\/uploads\/2024\/11\/IMG_20241024_140853-scaled.jpg\",\"contentUrl\":\"https:\/\/www.chuangyangmachinery.com\/wp-content\/uploads\/2024\/11\/IMG_20241024_140853-scaled.jpg\",\"width\":1920,\"height\":2560},{\"@type\":\"BreadcrumbList\",\"@id\":\"https:\/\/www.chuangyangmachinery.com\/product\/used-volvo-ec250-excavator\/#breadcrumb\",\"itemListElement\":[{\"@type\":\"ListItem\",\"position\":1,\"name\":\"Home\",\"item\":\"https:\/\/www.chuangyangmachinery.com\/\"},{\"@type\":\"ListItem\",\"position\":2,\"name\":\"Products\",\"item\":\"https:\/\/www.chuangyangmachinery.com\/products\/\"},{\"@type\":\"ListItem\",\"position\":3,\"name\":\"Used Volvo EC250 Excavator\"}]},{\"@type\":\"WebSite\",\"@id\":\"https:\/\/www.chuangyangmachinery.com\/#website\",\"url\":\"https:\/\/www.chuangyangmachinery.com\/\",\"name\":\"Anhui Chuangyang Construction Machinery Co., Ltd.\",\"description\":\"\",\"publisher\":{\"@id\":\"https:\/\/www.chuangyangmachinery.com\/#organization\"},\"potentialAction\":[{\"@type\":\"SearchAction\",\"target\":{\"@type\":\"EntryPoint\",\"urlTemplate\":\"https:\/\/www.chuangyangmachinery.com\/?s={search_term_string}\"},\"query-input\":{\"@type\":\"PropertyValueSpecification\",\"valueRequired\":true,\"valueName\":\"search_term_string\"}}],\"inLanguage\":\"pt-PT\"},{\"@type\":\"Organization\",\"@id\":\"https:\/\/www.chuangyangmachinery.com\/#organization\",\"name\":\"Anhui Chuangyang Construction Machinery Co., Ltd.\",\"url\":\"https:\/\/www.chuangyangmachinery.com\/\",\"logo\":{\"@type\":\"ImageObject\",\"inLanguage\":\"pt-PT\",\"@id\":\"https:\/\/www.chuangyangmachinery.com\/#\/schema\/logo\/image\/\",\"url\":\"https:\/\/www.chuangyangmachinery.com\/wp-content\/uploads\/2026\/03\/cropped-chuangyang-logo.png\",\"contentUrl\":\"https:\/\/www.chuangyangmachinery.com\/wp-content\/uploads\/2026\/03\/cropped-chuangyang-logo.png\",\"width\":512,\"height\":512,\"caption\":\"Anhui Chuangyang Construction Machinery Co., Ltd.\"},\"image\":{\"@id\":\"https:\/\/www.chuangyangmachinery.com\/#\/schema\/logo\/image\/\"}}]}<\/script>\n<!-- \/ Yoast SEO plugin. -->","yoast_head_json":{"title":"Used Volvo EC250 Excavator - Anhui Chuangyang Construction Machinery Co., Ltd.","description":"The Volvo 250 excavator boasts outstanding fuel efficiency, thanks to its advanced engine and intelligent electro-hydraulic system that reduces energy loss and optimizes fuel consumption significantly.","robots":{"index":"noindex","follow":"follow","max-snippet":"max-snippet:-1","max-image-preview":"max-image-preview:large","max-video-preview":"max-video-preview:-1"},"og_locale":"pt_PT","og_type":"article","og_title":"Used Volvo EC250 Excavator - Anhui Chuangyang Construction Machinery Co., Ltd.","og_description":"The Volvo 250 excavator boasts outstanding fuel efficiency, thanks to its advanced engine and intelligent electro-hydraulic system that reduces energy loss and optimizes fuel consumption significantly.","og_url":"https:\/\/www.chuangyangmachinery.com\/pt\/product\/used-volvo-ec250-excavator\/","og_site_name":"Anhui Chuangyang Construction Machinery Co., Ltd.","article_modified_time":"2026-03-30T02:17:14+00:00","og_image":[{"width":1920,"height":2560,"url":"https:\/\/www.chuangyangmachinery.com\/wp-content\/uploads\/2024\/11\/IMG_20241024_140853-scaled.jpg","type":"image\/jpeg"}],"twitter_card":"summary_large_image","twitter_misc":{"Est. reading time":"1 minuto"},"schema":{"@context":"https:\/\/schema.org","@graph":[{"@type":"WebPage","@id":"https:\/\/www.chuangyangmachinery.com\/product\/used-volvo-ec250-excavator\/","url":"https:\/\/www.chuangyangmachinery.com\/product\/used-volvo-ec250-excavator\/","name":"Used Volvo EC250 Excavator - Anhui Chuangyang Construction Machinery Co., Ltd.","isPartOf":{"@id":"https:\/\/www.chuangyangmachinery.com\/#website"},"primaryImageOfPage":{"@id":"https:\/\/www.chuangyangmachinery.com\/product\/used-volvo-ec250-excavator\/#primaryimage"},"image":{"@id":"https:\/\/www.chuangyangmachinery.com\/product\/used-volvo-ec250-excavator\/#primaryimage"},"thumbnailUrl":"https:\/\/www.chuangyangmachinery.com\/wp-content\/uploads\/2024\/11\/IMG_20241024_140853-scaled.jpg","datePublished":"2024-11-13T07:01:22+00:00","dateModified":"2026-03-30T02:17:14+00:00","description":"The Volvo 250 excavator boasts outstanding fuel efficiency, thanks to its advanced engine and intelligent electro-hydraulic system that reduces energy loss and optimizes fuel consumption significantly.","breadcrumb":{"@id":"https:\/\/www.chuangyangmachinery.com\/product\/used-volvo-ec250-excavator\/#breadcrumb"},"inLanguage":"pt-PT","potentialAction":[{"@type":"ReadAction","target":["https:\/\/www.chuangyangmachinery.com\/product\/used-volvo-ec250-excavator\/"]}]},{"@type":"ImageObject","inLanguage":"pt-PT","@id":"https:\/\/www.chuangyangmachinery.com\/product\/used-volvo-ec250-excavator\/#primaryimage","url":"https:\/\/www.chuangyangmachinery.com\/wp-content\/uploads\/2024\/11\/IMG_20241024_140853-scaled.jpg","contentUrl":"https:\/\/www.chuangyangmachinery.com\/wp-content\/uploads\/2024\/11\/IMG_20241024_140853-scaled.jpg","width":1920,"height":2560},{"@type":"BreadcrumbList","@id":"https:\/\/www.chuangyangmachinery.com\/product\/used-volvo-ec250-excavator\/#breadcrumb","itemListElement":[{"@type":"ListItem","position":1,"name":"Home","item":"https:\/\/www.chuangyangmachinery.com\/"},{"@type":"ListItem","position":2,"name":"Products","item":"https:\/\/www.chuangyangmachinery.com\/products\/"},{"@type":"ListItem","position":3,"name":"Used Volvo EC250 Excavator"}]},{"@type":"WebSite","@id":"https:\/\/www.chuangyangmachinery.com\/#website","url":"https:\/\/www.chuangyangmachinery.com\/","name":"Anhui Chuangyang Construction Machinery Co., Ltd.","description":"","publisher":{"@id":"https:\/\/www.chuangyangmachinery.com\/#organization"},"potentialAction":[{"@type":"SearchAction","target":{"@type":"EntryPoint","urlTemplate":"https:\/\/www.chuangyangmachinery.com\/?s={search_term_string}"},"query-input":{"@type":"PropertyValueSpecification","valueRequired":true,"valueName":"search_term_string"}}],"inLanguage":"pt-PT"},{"@type":"Organization","@id":"https:\/\/www.chuangyangmachinery.com\/#organization","name":"Anhui Chuangyang Construction Machinery Co., Ltd.","url":"https:\/\/www.chuangyangmachinery.com\/","logo":{"@type":"ImageObject","inLanguage":"pt-PT","@id":"https:\/\/www.chuangyangmachinery.com\/#\/schema\/logo\/image\/","url":"https:\/\/www.chuangyangmachinery.com\/wp-content\/uploads\/2026\/03\/cropped-chuangyang-logo.png","contentUrl":"https:\/\/www.chuangyangmachinery.com\/wp-content\/uploads\/2026\/03\/cropped-chuangyang-logo.png","width":512,"height":512,"caption":"Anhui Chuangyang Construction Machinery Co., Ltd."},"image":{"@id":"https:\/\/www.chuangyangmachinery.com\/#\/schema\/logo\/image\/"}}]}},"_links":{"self":[{"href":"https:\/\/www.chuangyangmachinery.com\/pt\/wp-json\/wp\/v2\/product\/9419"}],"collection":[{"href":"https:\/\/www.chuangyangmachinery.com\/pt\/wp-json\/wp\/v2\/product"}],"about":[{"href":"https:\/\/www.chuangyangmachinery.com\/pt\/wp-json\/wp\/v2\/types\/product"}],"version-history":[{"count":4,"href":"https:\/\/www.chuangyangmachinery.com\/pt\/wp-json\/wp\/v2\/product\/9419\/revisions"}],"predecessor-version":[{"id":13046,"href":"https:\/\/www.chuangyangmachinery.com\/pt\/wp-json\/wp\/v2\/product\/9419\/revisions\/13046"}],"wp:featuredmedia":[{"embeddable":true,"href":"https:\/\/www.chuangyangmachinery.com\/pt\/wp-json\/wp\/v2\/media\/9426"}],"wp:attachment":[{"href":"https:\/\/www.chuangyangmachinery.com\/pt\/wp-json\/wp\/v2\/media?parent=9419"}],"wp:term":[{"taxonomy":"product_cat","embeddable":true,"href":"https:\/\/www.chuangyangmachinery.com\/pt\/wp-json\/wp\/v2\/product_cat?post=9419"},{"taxonomy":"product_tag","embeddable":true,"href":"https:\/\/www.chuangyangmachinery.com\/pt\/wp-json\/wp\/v2\/product_tag?post=9419"}],"curies":[{"name":"wp","href":"https:\/\/api.w.org\/{rel}","templated":true}]}}